{"id":3,"date":"2021-11-30T16:44:29","date_gmt":"2021-11-30T16:44:29","guid":{"rendered":"http:\/\/draccounting.lt\/?page_id=3"},"modified":"2023-08-01T06:58:04","modified_gmt":"2023-08-01T06:58:04","slug":"privatumo-politika","status":"publish","type":"page","link":"https:\/\/draccounting.lt\/en\/privatumo-politika\/","title":{"rendered":"Privatumo politika"},"content":{"rendered":"<h2 class=\"wp-block-heading\">Kas mes esame<\/h2>\n\n\n\n<p><strong class=\"privacy-policy-tutorial\">M\u016bs\u0173 svetain\u0117s adresas yra: http:\/\/draccounting.lt.<\/strong><\/p>\n\n\n\n<h2 class=\"wp-block-heading\">Komentarai<\/h2>\n\n\n\n<p>Kai lankytojai palieka komentarus svetain\u0117je, mes renkame duomenis, rodomus komentar\u0173 formoje, taip pat lankytojo IP adres\u0105 ir nar\u0161ykl\u0117s vartotojo agento eilut\u0119, kad b\u016bt\u0173 lengviau aptikti nepageidaujam\u0105 el.<\/p>\n\n\n\n<p>Anonimin\u0117 eilut\u0117, sukurta i\u0161 j\u016bs\u0173 el. pa\u0161to adreso (taip pat vadinama mai\u0161a), gali b\u016bti pateikta \u201eGravatar\u201c paslaugai, kad b\u016bt\u0173 galima patikrinti, ar j\u0105 naudojate. Su Gravatar paslaugos privatumo politika galite susipa\u017einti \u010dia: https:\/\/automattic.com\/privacy\/. Patvirtinus j\u016bs\u0173 komentar\u0105, j\u016bs\u0173 profilio nuotrauka bus matoma vie\u0161ai j\u016bs\u0173 komentaro kontekste.<\/p>\n\n\n\n<h2 class=\"wp-block-heading\">Media<\/h2>\n\n\n\n<p><b>J<\/b>ei \u012fkeliate vaizdus \u012f svetain\u0119, netur\u0117tum\u0117te \u012fkelti vaizd\u0173 su \u012fterptais vietos duomenimis (EXIF GPS). Svetain\u0117s lankytojai gali atsisi\u0173sti ir i\u0161gauti bet kokius vietos duomenis i\u0161 svetain\u0117je esan\u010di\u0173 vaizd\u0173.<\/p>\n\n\n\n<h2 class=\"wp-block-heading\">Slapukai<\/h2>\n\n\n\n<p>Jei paliksite komentar\u0105 m\u016bs\u0173 svetain\u0117je, galite pasirinkti i\u0161saugoti savo vard\u0105, el. pa\u0161to adres\u0105 ir svetain\u0119 slapukuose. Tai yra j\u016bs\u0173 patogumui, kad jums nereik\u0117t\u0173 dar kart\u0105 pildyti savo duomen\u0173, kai paliekate kit\u0105 komentar\u0105. \u0160ie slapukai galios vienerius metus.<\/p>\n\n\n\n<p>Jei apsilankysite m\u016bs\u0173 prisijungimo puslapyje, mes nustatysime laikin\u0105 slapuk\u0105, kad nustatyt\u0173, ar j\u016bs\u0173 nar\u0161ykl\u0117 priima slapukus. \u0160iame slapuke n\u0117ra asmenini\u0173 duomen\u0173 ir jis pa\u0161alinamas, kai u\u017edarote nar\u0161ykl\u0119.<\/p>\n\n\n\n<p>Kai prisijungsite, mes taip pat nustatysime kelis slapukus, kad i\u0161saugotume prisijungimo informacij\u0105 ir ekrano rodymo parinktis. Prisijungimo slapukai galioja dvi dienas, o ekrano parink\u010di\u0173 slapukai \u2013 metus. Jei pasirinksite \u201ePrisiminti mane\u201c, j\u016bs\u0173 prisijungimas i\u0161liks dvi savaites. Jei atsijungsite nuo savo paskyros, prisijungimo slapukai bus pa\u0161alinti.<\/p>\n\n\n\n<p>Jei redaguosite ar paskelbsite straipsn\u012f, j\u016bs\u0173 nar\u0161ykl\u0117je bus i\u0161saugotas papildomas slapukas. \u0160is slapukas neapima asmenini\u0173 duomen\u0173 ir tiesiog nurodo k\u0105 tik redaguoto straipsnio \u012fra\u0161o ID. Jis baigiasi po 1 dienos.<\/p>\n\n\n\n<h2 class=\"wp-block-heading\">\u012eterptas turinys i\u0161 kit\u0173 svetaini\u0173<\/h2>\n\n\n\n<p>\u0160ios svetain\u0117s straipsniuose gali b\u016bti \u012fterpto turinio (pvz., vaizdo \u012fra\u0161\u0173, vaizd\u0173, straipsni\u0173 ir kt.). \u012eterptas turinys i\u0161 kit\u0173 svetaini\u0173 veikia lygiai taip pat, lyg lankytojas apsilankyt\u0173 kitoje svetain\u0117je.<\/p>\n\n\n\n<p>\u0160ios svetain\u0117s gali rinkti duomenis apie jus, naudoti slapukus, \u012fterpti papildom\u0105 tre\u010di\u0173j\u0173 \u0161ali\u0173 steb\u0117jim\u0105 ir steb\u0117ti j\u016bs\u0173 s\u0105veik\u0105 su tuo \u012fterptu turiniu, \u012fskaitant s\u0105veikos su \u012fterptu turiniu steb\u0117jim\u0105, jei turite paskyr\u0105 ir esate prisijung\u0119 prie tos svetain\u0117s.<\/p>\n\n\n\n<h2 class=\"wp-block-heading\">Su kuo dalijam\u0117s j\u016bs\u0173 duomenimis<\/h2>\n\n\n\n<p><strong class=\"privacy-policy-tutorial\">J<\/strong>ei papra\u0161ysite i\u0161 naujo nustatyti slapta\u017eod\u012f, j\u016bs\u0173 IP adresas bus \u012ftrauktas \u012f atk\u016brimo el. lai\u0161k\u0105.<\/p>\n\n\n\n<h2 class=\"wp-block-heading\">Kiek laiko saugome j\u016bs\u0173 duomenis<\/h2>\n\n\n\n<p>Jei paliksite komentar\u0105, komentaras ir jo metaduomenys bus saugomi neribot\u0105 laik\u0105. Taip galime automati\u0161kai atpa\u017einti ir patvirtinti visus tolesnius komentarus, o ne laikyti juos moderavimo eil\u0117je.<\/p>\n\n\n\n<p>Vartotojams, kurie registruojasi m\u016bs\u0173 svetain\u0117je (jei yra), mes taip pat saugome asmenin\u0119 informacij\u0105, kuri\u0105 jie pateikia savo vartotojo profilyje. Visi vartotojai gali bet kada matyti, redaguoti arba i\u0161trinti savo asmenin\u0119 informacij\u0105 (i\u0161skyrus atvejus, kai negali pakeisti savo vartotojo vardo). Svetain\u0117s administratoriai taip pat gali matyti ir redaguoti \u0161i\u0105 informacij\u0105.<\/p>\n\n\n\n<h2 class=\"wp-block-heading\">Kokias teises turite \u012f savo duomenis<\/h2>\n\n\n\n<p><b>J<\/b>ei turite paskyr\u0105 \u0161ioje svetain\u0117je arba palikote komentar\u0173, galite pra\u0161yti gauti eksportuot\u0105 m\u016bs\u0173 turim\u0173 asmens duomen\u0173 fail\u0105, \u012fskaitant visus duomenis, kuriuos mums pateik\u0117te. Taip pat galite pra\u0161yti, kad i\u0161trintume visus turimus asmeninius duomenis apie jus. Tai neapima joki\u0173 duomen\u0173, kuriuos privalome saugoti administraciniais, teisiniais ar saugumo tikslais.<\/p>\n\n\n\n<h2 class=\"wp-block-heading\">Kur siun\u010diame j\u016bs\u0173 duomenis<\/h2>\n\n\n\n<p>Lankytoj\u0173 komentarai gali b\u016bti tikrinami naudojant automatin\u0119 \u0161lam\u0161to aptikimo paslaug\u0105.<\/p>","protected":false},"excerpt":{"rendered":"<p>Kas mes esame M\u016bs\u0173 svetain\u0117s adresas yra: http:\/\/draccounting.lt. Komentarai Kai lankytojai palieka komentarus svetain\u0117je, mes renkame duomenis, rodomus komentar\u0173 formoje, taip pat lankytojo IP adres\u0105 ir nar\u0161ykl\u0117s vartotojo agento eilut\u0119, kad b\u016bt\u0173 lengviau aptikti nepageidaujam\u0105 el. Anonimin\u0117 eilut\u0117, sukurta i\u0161&#8230;<\/p>","protected":false},"author":1,"featured_media":0,"parent":0,"menu_order":0,"comment_status":"closed","ping_status":"closed","template":"","meta":{"inline_featured_image":false,"footnotes":""},"class_list":["post-3","page","type-page","status-publish","hentry"],"yoast_head":"<!-- This site is optimized with the Yoast SEO plugin v27.3 - https:\/\/yoast.com\/product\/yoast-seo-wordpress\/ -->\n<title>Privatumo politika - D&amp;R Accounting<\/title>\n<meta name=\"description\" content=\"Susipa\u017einkite su m\u016bs\u0173 privatumo politika ir patik\u0117kite mums savo finansin\u0119 apskait\u0105! Konsultuojame nemokamai.\" \/>\n<meta name=\"robots\" content=\"index, follow, max-snippet:-1, max-image-preview:large, max-video-preview:-1\" \/>\n<link rel=\"canonical\" href=\"https:\/\/draccounting.lt\/en\/privatumo-politika\/\" \/>\n<meta property=\"og:locale\" content=\"en_US\" \/>\n<meta property=\"og:type\" content=\"article\" \/>\n<meta property=\"og:title\" content=\"Privatumo politika - D&amp;R Accounting\" \/>\n<meta property=\"og:description\" content=\"Susipa\u017einkite su m\u016bs\u0173 privatumo politika ir patik\u0117kite mums savo finansin\u0119 apskait\u0105! Konsultuojame nemokamai.\" \/>\n<meta property=\"og:url\" content=\"https:\/\/draccounting.lt\/en\/privatumo-politika\/\" \/>\n<meta property=\"og:site_name\" content=\"D&amp;R Accounting\" \/>\n<meta property=\"article:publisher\" content=\"https:\/\/www.facebook.com\/Buhalterinespaslaugosjusuverslui\/\" \/>\n<meta property=\"article:modified_time\" content=\"2023-08-01T06:58:04+00:00\" \/>\n<meta name=\"twitter:card\" content=\"summary_large_image\" \/>\n<meta name=\"twitter:label1\" content=\"Est. reading time\" \/>\n\t<meta name=\"twitter:data1\" content=\"3 minutes\" \/>\n<script type=\"application\/ld+json\" class=\"yoast-schema-graph\">{\"@context\":\"https:\\\/\\\/schema.org\",\"@graph\":[{\"@type\":\"WebPage\",\"@id\":\"https:\\\/\\\/draccounting.lt\\\/privatumo-politika\\\/\",\"url\":\"https:\\\/\\\/draccounting.lt\\\/privatumo-politika\\\/\",\"name\":\"Privatumo politika - D&amp;R Accounting\",\"isPartOf\":{\"@id\":\"https:\\\/\\\/draccounting.lt\\\/#website\"},\"datePublished\":\"2021-11-30T16:44:29+00:00\",\"dateModified\":\"2023-08-01T06:58:04+00:00\",\"description\":\"Susipa\u017einkite su m\u016bs\u0173 privatumo politika ir patik\u0117kite mums savo finansin\u0119 apskait\u0105! Konsultuojame nemokamai.\",\"breadcrumb\":{\"@id\":\"https:\\\/\\\/draccounting.lt\\\/privatumo-politika\\\/#breadcrumb\"},\"inLanguage\":\"en-US\",\"potentialAction\":[{\"@type\":\"ReadAction\",\"target\":[\"https:\\\/\\\/draccounting.lt\\\/privatumo-politika\\\/\"]}]},{\"@type\":\"BreadcrumbList\",\"@id\":\"https:\\\/\\\/draccounting.lt\\\/privatumo-politika\\\/#breadcrumb\",\"itemListElement\":[{\"@type\":\"ListItem\",\"position\":1,\"name\":\"Pagrindinis\",\"item\":\"https:\\\/\\\/draccounting.lt\\\/\"},{\"@type\":\"ListItem\",\"position\":2,\"name\":\"Privatumo politika\"}]},{\"@type\":\"WebSite\",\"@id\":\"https:\\\/\\\/draccounting.lt\\\/#website\",\"url\":\"https:\\\/\\\/draccounting.lt\\\/\",\"name\":\"D&amp;R Accounting\",\"description\":\"Buhalterin\u0117s apskaitos paslaugos visoje Lietuvoje\",\"publisher\":{\"@id\":\"https:\\\/\\\/draccounting.lt\\\/#organization\"},\"potentialAction\":[{\"@type\":\"SearchAction\",\"target\":{\"@type\":\"EntryPoint\",\"urlTemplate\":\"https:\\\/\\\/draccounting.lt\\\/?s={search_term_string}\"},\"query-input\":{\"@type\":\"PropertyValueSpecification\",\"valueRequired\":true,\"valueName\":\"search_term_string\"}}],\"inLanguage\":\"en-US\"},{\"@type\":\"Organization\",\"@id\":\"https:\\\/\\\/draccounting.lt\\\/#organization\",\"name\":\"D&R Accounting\",\"url\":\"https:\\\/\\\/draccounting.lt\\\/\",\"logo\":{\"@type\":\"ImageObject\",\"inLanguage\":\"en-US\",\"@id\":\"https:\\\/\\\/draccounting.lt\\\/#\\\/schema\\\/logo\\\/image\\\/\",\"url\":\"http:\\\/\\\/draccounting.lt\\\/wp-content\\\/uploads\\\/2021\\\/11\\\/draccounting-logo-main.png\",\"contentUrl\":\"http:\\\/\\\/draccounting.lt\\\/wp-content\\\/uploads\\\/2021\\\/11\\\/draccounting-logo-main.png\",\"width\":1000,\"height\":794,\"caption\":\"D&R Accounting\"},\"image\":{\"@id\":\"https:\\\/\\\/draccounting.lt\\\/#\\\/schema\\\/logo\\\/image\\\/\"},\"sameAs\":[\"https:\\\/\\\/www.facebook.com\\\/Buhalterinespaslaugosjusuverslui\\\/\"]}]}<\/script>\n<!-- \/ Yoast SEO plugin. -->","yoast_head_json":{"title":"Privatumo politika - D&amp;R Accounting","description":"Susipa\u017einkite su m\u016bs\u0173 privatumo politika ir patik\u0117kite mums savo finansin\u0119 apskait\u0105! Konsultuojame nemokamai.","robots":{"index":"index","follow":"follow","max-snippet":"max-snippet:-1","max-image-preview":"max-image-preview:large","max-video-preview":"max-video-preview:-1"},"canonical":"https:\/\/draccounting.lt\/en\/privatumo-politika\/","og_locale":"en_US","og_type":"article","og_title":"Privatumo politika - D&amp;R Accounting","og_description":"Susipa\u017einkite su m\u016bs\u0173 privatumo politika ir patik\u0117kite mums savo finansin\u0119 apskait\u0105! Konsultuojame nemokamai.","og_url":"https:\/\/draccounting.lt\/en\/privatumo-politika\/","og_site_name":"D&amp;R Accounting","article_publisher":"https:\/\/www.facebook.com\/Buhalterinespaslaugosjusuverslui\/","article_modified_time":"2023-08-01T06:58:04+00:00","twitter_card":"summary_large_image","twitter_misc":{"Est. reading time":"3 minutes"},"schema":{"@context":"https:\/\/schema.org","@graph":[{"@type":"WebPage","@id":"https:\/\/draccounting.lt\/privatumo-politika\/","url":"https:\/\/draccounting.lt\/privatumo-politika\/","name":"Privatumo politika - D&amp;R Accounting","isPartOf":{"@id":"https:\/\/draccounting.lt\/#website"},"datePublished":"2021-11-30T16:44:29+00:00","dateModified":"2023-08-01T06:58:04+00:00","description":"Susipa\u017einkite su m\u016bs\u0173 privatumo politika ir patik\u0117kite mums savo finansin\u0119 apskait\u0105! Konsultuojame nemokamai.","breadcrumb":{"@id":"https:\/\/draccounting.lt\/privatumo-politika\/#breadcrumb"},"inLanguage":"en-US","potentialAction":[{"@type":"ReadAction","target":["https:\/\/draccounting.lt\/privatumo-politika\/"]}]},{"@type":"BreadcrumbList","@id":"https:\/\/draccounting.lt\/privatumo-politika\/#breadcrumb","itemListElement":[{"@type":"ListItem","position":1,"name":"Pagrindinis","item":"https:\/\/draccounting.lt\/"},{"@type":"ListItem","position":2,"name":"Privatumo politika"}]},{"@type":"WebSite","@id":"https:\/\/draccounting.lt\/#website","url":"https:\/\/draccounting.lt\/","name":"D&amp;R Accounting","description":"Buhalterin\u0117s apskaitos paslaugos visoje Lietuvoje","publisher":{"@id":"https:\/\/draccounting.lt\/#organization"},"potentialAction":[{"@type":"SearchAction","target":{"@type":"EntryPoint","urlTemplate":"https:\/\/draccounting.lt\/?s={search_term_string}"},"query-input":{"@type":"PropertyValueSpecification","valueRequired":true,"valueName":"search_term_string"}}],"inLanguage":"en-US"},{"@type":"Organization","@id":"https:\/\/draccounting.lt\/#organization","name":"D&amp;R Accounting","url":"https:\/\/draccounting.lt\/","logo":{"@type":"ImageObject","inLanguage":"en-US","@id":"https:\/\/draccounting.lt\/#\/schema\/logo\/image\/","url":"http:\/\/draccounting.lt\/wp-content\/uploads\/2021\/11\/draccounting-logo-main.png","contentUrl":"http:\/\/draccounting.lt\/wp-content\/uploads\/2021\/11\/draccounting-logo-main.png","width":1000,"height":794,"caption":"D&R Accounting"},"image":{"@id":"https:\/\/draccounting.lt\/#\/schema\/logo\/image\/"},"sameAs":["https:\/\/www.facebook.com\/Buhalterinespaslaugosjusuverslui\/"]}]}},"_links":{"self":[{"href":"https:\/\/draccounting.lt\/en\/wp-json\/wp\/v2\/pages\/3","targetHints":{"allow":["GET"]}}],"collection":[{"href":"https:\/\/draccounting.lt\/en\/wp-json\/wp\/v2\/pages"}],"about":[{"href":"https:\/\/draccounting.lt\/en\/wp-json\/wp\/v2\/types\/page"}],"author":[{"embeddable":true,"href":"https:\/\/draccounting.lt\/en\/wp-json\/wp\/v2\/users\/1"}],"replies":[{"embeddable":true,"href":"https:\/\/draccounting.lt\/en\/wp-json\/wp\/v2\/comments?post=3"}],"version-history":[{"count":3,"href":"https:\/\/draccounting.lt\/en\/wp-json\/wp\/v2\/pages\/3\/revisions"}],"predecessor-version":[{"id":2754,"href":"https:\/\/draccounting.lt\/en\/wp-json\/wp\/v2\/pages\/3\/revisions\/2754"}],"wp:attachment":[{"href":"https:\/\/draccounting.lt\/en\/wp-json\/wp\/v2\/media?parent=3"}],"curies":[{"name":"wp","href":"https:\/\/api.w.org\/{rel}","templated":true}]}}