{"id":2833,"date":"2022-08-07T17:05:14","date_gmt":"2022-08-07T17:05:14","guid":{"rendered":"http:\/\/draccounting.lt\/?page_id=2833"},"modified":"2023-05-24T16:52:22","modified_gmt":"2023-05-24T16:52:22","slug":"buhalterine-apskaita","status":"publish","type":"page","link":"https:\/\/draccounting.lt\/en\/services\/accounting\/","title":{"rendered":"Accounting"},"content":{"rendered":"<div class=\"vc_row wpb_row vc_row-fluid\"><div class=\"wpb_column vc_column_container vc_col-sm-12\"><div class=\"vc_column-inner\"><div class=\"wpb_wrapper\">\n\t<div class=\"wpb_text_column wpb_content_element\" >\n\t\t<div class=\"wpb_wrapper\">\n\t\t\t<p>Orderly and timely accounting allows you to manage and forecast the company's financial situation and make accurate strategic decisions. We dare to say that accounting is one of the most important areas of business existence and evolution, so choosing the right partner becomes a significant decision. In our practice, we have seen how orderly and consistent accounting has allowed companies to grow sustainably, rely on accurate financial reports and make decisive decisions.<\/p>\n<p>It is important that your accounting:<\/p>\n\n\t\t<\/div>\n\t<\/div>\n<div id=\"icon-first\" class=\"vc_row wpb_row vc_inner vc_row-fluid vc_custom_1659885635703\"><div class=\"wpb_column vc_column_container vc_col-sm-12\"><div class=\"vc_column-inner\"><div class=\"wpb_wrapper\"><div class=\"icon style-2 icon-left\">\n            <span>\n                <div class=\"icon-header\">\n                <div class=\"icon-media icon-svg\"  style='color: #3178bf; font-size: 40px;'><svg style='width: 40px; height: 40px;' xmlns=\"http:\/\/www.w3.org\/2000\/svg\" viewbox=\"0 0 40 40\"><defs><style>.anps-acc-11-1,.anps-acc-11-2,.anps-acc-11-3{fill:none;}.anps-acc-11-1,.anps-acc-11-2{stroke:currentColor;}.anps-acc-11-1{stroke-miterlimit:10;}.anps-acc-11-2{stroke-linejoin:round;}<\/style><\/defs><title>doc-signed<\/title><g id=\"Layer_2\" data-name=\"Layer 2\"><g id=\"Layer_1-2\" data-name=\"Layer 1\"><path class=\"anps-acc-11-1\" d=\"M31.15,32.93a1.79,1.79,0,0,1-1.78,1.78H10.64a1.79,1.79,0,0,1-1.78-1.78V7.07a1.79,1.79,0,0,1,1.78-1.78H23.12l8,8Z\"\/><line class=\"anps-acc-11-1\" x1=\"12.11\" y1=\"9.24\" x2=\"18.74\" y2=\"9.24\"\/><line class=\"anps-acc-11-1\" x1=\"12.11\" y1=\"11.53\" x2=\"18.74\" y2=\"11.53\"\/><path class=\"anps-acc-11-1\" d=\"M28.06,28.43a5.91,5.91,0,0,1-1.7,1.3,1.9,1.9,0,0,1-2-.19,2.07,2.07,0,0,1-.09-2.69,1.4,1.4,0,0,1,.82-.56.78.78,0,0,1,.85.41,1.25,1.25,0,0,1-.33,1.23,4.26,4.26,0,0,1-3.32,1.59,2.31,2.31,0,0,1-1.2-.35c-.85-.53-1.52-3-.39-5a4.11,4.11,0,0,1,2.16-2.13,1.44,1.44,0,0,1,1.74.54,1.6,1.6,0,0,1,.13.81A4.7,4.7,0,0,1,23.53,26c-1.65,2-4.57,4.42-7.92,3.54a4.61,4.61,0,0,1-3.11-4.36C12.33,22,17.27,18,21.5,23\"\/><polyline class=\"anps-acc-11-2\" points=\"23.12 5.28 23.12 13.31 31.15 13.31\"\/><rect class=\"anps-acc-11-3\" width=\"40\" height=\"40\"\/><\/g><\/g><\/svg>\r\n<\/div>\n                <div class=\"icon-titles\">\n                    <h2>would be carried out in an orderly and consistent manner,<\/h2>\n                    \n                <\/div>\n                <\/div>\n            <\/span>\n            <p><\/p>\n    <\/div><div class=\"icon style-2 icon-left\">\n            <span>\n                <div class=\"icon-header\">\n                <div class=\"icon-media icon-svg\"  style='color: #3178bf; font-size: 40px;'><svg style='width: 40px; height: 40px;' xmlns=\"http:\/\/www.w3.org\/2000\/svg\" viewbox=\"0 0 40 40\"><defs><style>.anps-acc-13-1,.anps-acc-13-2,.anps-acc-13-3{fill:none;}.anps-acc-13-1,.anps-acc-13-2{stroke:currentColor;}.anps-acc-13-1{stroke-miterlimit:10;}.anps-acc-13-2{stroke-linejoin:round;}<\/style><\/defs><title>download-doc<\/title><g id=\"Layer_2\" data-name=\"Layer 2\"><g id=\"Layer_1-2\" data-name=\"Layer 1\"><line class=\"anps-acc-13-1\" x1=\"22.67\" y1=\"21.2\" x2=\"29.29\" y2=\"21.2\"\/><line class=\"anps-acc-13-1\" x1=\"22.67\" y1=\"23.84\" x2=\"29.29\" y2=\"23.84\"\/><line class=\"anps-acc-13-1\" x1=\"22.67\" y1=\"26.48\" x2=\"29.29\" y2=\"26.48\"\/><line class=\"anps-acc-13-1\" x1=\"22.67\" y1=\"29.12\" x2=\"29.29\" y2=\"29.12\"\/><line class=\"anps-acc-13-1\" x1=\"15.11\" y1=\"9.24\" x2=\"21.74\" y2=\"9.24\"\/><line class=\"anps-acc-13-1\" x1=\"15.11\" y1=\"11.53\" x2=\"21.74\" y2=\"11.53\"\/><path class=\"anps-acc-13-2\" d=\"M14.24,34.72H32.36a1.79,1.79,0,0,0,1.78-1.78V13.31l-8-8H13.64a1.79,1.79,0,0,0-1.78,1.78v6.24\"\/><polygon class=\"anps-acc-13-2\" points=\"15.75 26.28 15.75 14.9 7.95 14.9 7.95 26.28 4.13 26.28 11.85 34.61 19.57 26.28 15.75 26.28\"\/><polyline class=\"anps-acc-13-2\" points=\"26.12 5.28 26.12 13.31 34.15 13.31\"\/><rect class=\"anps-acc-13-3\" width=\"40\" height=\"40\"\/><\/g><\/g><\/svg>\r\n<\/div>\n                <div class=\"icon-titles\">\n                    <h2>take into account changing laws and taxes,<\/h2>\n                    \n                <\/div>\n                <\/div>\n            <\/span>\n            <p><\/p>\n    <\/div><div class=\"icon style-2 icon-left\">\n            <span>\n                <div class=\"icon-header\">\n                <div class=\"icon-media icon-svg\"  style='color: #3178bf; font-size: 40px;'><svg style='width: 40px; height: 40px;' xmlns=\"http:\/\/www.w3.org\/2000\/svg\" viewbox=\"0 0 40 40\"><defs><style>.anps-acc-34-1,.anps-acc-34-2,.anps-acc-34-3{fill:none;}.anps-acc-34-1,.anps-acc-34-2{stroke:currentColor;}.anps-acc-34-1{stroke-miterlimit:10;}.anps-acc-34-2{stroke-linejoin:round;}<\/style><\/defs><title>upload-doc<\/title><g id=\"Layer_2\" data-name=\"Layer 2\"><g id=\"Layer_1-2\" data-name=\"Layer 1\"><path class=\"anps-acc-34-1\" d=\"M17.82,34.72H32.36a1.79,1.79,0,0,0,1.78-1.78V13.31l-8-8H13.64a1.79,1.79,0,0,0-1.78,1.78v6.24\"\/><polyline class=\"anps-acc-34-2\" points=\"26.12 5.28 26.12 13.31 34.15 13.31\"\/><line class=\"anps-acc-34-1\" x1=\"15.11\" y1=\"9.24\" x2=\"21.74\" y2=\"9.24\"\/><line class=\"anps-acc-34-1\" x1=\"15.11\" y1=\"11.53\" x2=\"21.74\" y2=\"11.53\"\/><line class=\"anps-acc-34-1\" x1=\"22.67\" y1=\"21.2\" x2=\"29.29\" y2=\"21.2\"\/><line class=\"anps-acc-34-1\" x1=\"22.67\" y1=\"23.84\" x2=\"29.29\" y2=\"23.84\"\/><line class=\"anps-acc-34-1\" x1=\"22.67\" y1=\"26.48\" x2=\"29.29\" y2=\"26.48\"\/><line class=\"anps-acc-34-1\" x1=\"22.67\" y1=\"29.12\" x2=\"29.29\" y2=\"29.12\"\/><polygon class=\"anps-acc-34-2\" points=\"19.57 23.23 11.85 14.9 4.13 23.23 7.95 23.23 7.95 34.61 15.75 34.61 15.75 23.23 19.57 23.23\"\/><rect class=\"anps-acc-34-3\" width=\"40\" height=\"40\"\/><\/g><\/g><\/svg>\r\n<\/div>\n                <div class=\"icon-titles\">\n                    <h2>would be processed taking into account the interests and specifics of your business,<\/h2>\n                    \n                <\/div>\n                <\/div>\n            <\/span>\n            <p><\/p>\n    <\/div><div class=\"icon style-2 icon-left\">\n            <span>\n                <div class=\"icon-header\">\n                <div class=\"icon-media icon-svg\"  style='color: #3178bf; font-size: 40px;'><svg style='width: 40px; height: 40px;' xmlns=\"http:\/\/www.w3.org\/2000\/svg\" viewbox=\"0 0 40 40\"><defs><style>.anps-acc-15-1,.anps-acc-15-2{fill:none;}.anps-acc-15-1{stroke:currentColor;stroke-miterlimit:10;}<\/style><\/defs><title>euro<\/title><g id=\"Layer_2\" data-name=\"Layer 2\"><g id=\"Layer_1-2\" data-name=\"Layer 1\"><polyline class=\"anps-acc-15-1\" points=\"29.74 6.69 29.74 10.26 26.17 10.26\"\/><polyline class=\"anps-acc-15-1\" points=\"13.83 29.74 10.26 29.74 10.26 33.31\"\/><path class=\"anps-acc-15-1\" d=\"M31.93,13.1A13.78,13.78,0,0,1,10.26,29.75\"\/><path class=\"anps-acc-15-1\" d=\"M8.06,26.89A13.78,13.78,0,0,1,29.74,10.25\"\/><line class=\"anps-acc-15-1\" x1=\"11.62\" y1=\"18.41\" x2=\"21.01\" y2=\"18.41\"\/><line class=\"anps-acc-15-1\" x1=\"11.62\" y1=\"21.59\" x2=\"21.01\" y2=\"21.59\"\/><path class=\"anps-acc-15-1\" d=\"M25.32,16.3a6.54,6.54,0,1,0,0,7.39\"\/><rect class=\"anps-acc-15-2\" width=\"40\" height=\"40\"\/><\/g><\/g><\/svg>\r\n<\/div>\n                <div class=\"icon-titles\">\n                    <h2>would become automated and save time and money.<\/h2>\n                    \n                <\/div>\n                <\/div>\n            <\/span>\n            <p><\/p>\n    <\/div><\/div><\/div><\/div><\/div>\n\t<div class=\"wpb_text_column wpb_content_element\" >\n\t\t<div class=\"wpb_wrapper\">\n\t\t\t<p>The base of tax laws is dynamic, therefore it is necessary to constantly adapt to various changes, so it becomes extremely important that <a href=\"http:\/\/draccounting.lt\/en\/apie-mus\/\">accountant<\/a> The base of tax laws is dynamic, so it is necessary to constantly adapt to various changes, so it becomes extremely important that the accountant is constantly interested in the amendments to the laws and adjusts the accounting for the benefit of the company. However, it is not enough to know only the legal basis, it is necessary to deeply understand the specifics of the accounting business and make decisions that will lead to the financial well-being of the activity.<\/p>\n<p>&nbsp;<\/p>\n<h4><b>Accounting<\/b><\/h4>\n<p>&nbsp;<\/p>\n<p><span style=\"font-weight: 400;\">Different areas of business require different knowledge. In some areas of activity, such as marketing or sales, companies have enough room for creative and poorly defined solutions, but an accountant is an employee whose actions are limited by current legislation.\u00a0<\/span><\/p>\n<p><span style=\"font-weight: 400;\">Laws are adjusted, supplemented or completely changed every year, so accounting is a field that must be extremely adaptive and flexible and respond quickly to changes. A correct reading of legislation and knowledge of business processes allows you to correctly combine these areas and make decisions that are valuable to companies.<\/span><\/p>\n<p><span style=\"font-weight: 400;\">An accountant's ability to turn to business interests and adapt laws in practice so that they are maximally useful is an important feature. D&amp;R Accounting is proud that accounting for companies is always done in their best interest.\u00a0<\/span><\/p>\n<p><span style=\"font-weight: 400;\">Of course, companies with different legal forms have their own accounting specifics and regulations, so it becomes important that you have a truly professional team for the accounting of your activities. The accountant's knowledge and skills become a direct tool for financial management. A specialist who knows the law, its wisdom and benefits well can apply solutions that are useful or cost less for the company and proactively suggest what kind of financial restructuring can be useful.\u00a0<\/span><\/p>\n<p><span style=\"font-weight: 400;\">The conclusion is that the work of an accountant also requires creativity. Some decisions can lead to critical improvements in financial flows and accounting. Orderly and legally compliant accounting enables the company to see the full financial picture of operations and make strategic and long-term decisions.<\/span><\/p>\n<p><span style=\"font-weight: 400;\"><a href=\"http:\/\/draccounting.lt\/en\/apie-mus\/\">\u201eD&amp;R Accounting\u201c<\/a> it is your business partner whose goal is to contribute to operational efficiency, process automation and profitability within the context of applicable laws. We not only provide accounting services, we also advise and consult and share the latest legal information that is significant for business. Our ambition is not only to perform accounting functions, but also to give companies the advantage in the market that can be provided by a favourable and correct application of legislation. Accounting, like other fields, is on the path to digitization, so most processes can be automated. D&amp;R Accounting keeps up with global trends.<\/span><\/p>\n<p><span style=\"font-weight: 400;\">There is a prevailing view that an accountant is a part of the company's costs, but the value generated by a professional allows it to be considered more like an investment. Accounting is a critical area of \u200b\u200bactivity where mistakes or negligence cost the business far more than an accountant's salary, so choose a partner who takes a responsible and empathetic view of your operations.<\/span><\/p>\n<p>\"D&amp;R Accounting\" will take care of all your company's accounting issues: from document processing to preparation of financial activity reports. We promise that you can entrust all important questions to our team, and you can devote your time to other important business areas.<\/p>\n<p>If this is relevant for your company - fill out the contact form and we will contact you soon.<\/p>\n\n\t\t<\/div>\n\t<\/div>\n<div class=\"vc_empty_space\"   style=\"height: 50px\"><span class=\"vc_empty_space_inner\"><\/span><\/div><\/div><\/div><\/div><\/div><div class=\"vc_row wpb_row vc_row-fluid\"><div class=\"wpb_column vc_column_container vc_col-sm-12\"><div class=\"vc_column-inner\"><div class=\"wpb_wrapper\"><h2 class='heading-left  divider-sm' ><span>Taxes in Lithuania<\/span><\/h2><div class=\"vc_empty_space\"   style=\"height: 50px\"><span class=\"vc_empty_space_inner\"><\/span><\/div><\/div><\/div><\/div><\/div><div class=\"vc_row wpb_row vc_row-fluid\"><div class=\"wpb_column vc_column_container vc_col-sm-12\"><div class=\"vc_column-inner\"><div class=\"wpb_wrapper\">\n\t<div class=\"wpb_text_column wpb_content_element\" >\n\t\t<div class=\"wpb_wrapper\">\n\t\t\t<h3>Mandatory taxes in Lithuania - what are they?<\/h3>\n<p><strong>Personal income tax<\/strong>It is deducted from the received salary, as well as from other, non-employment income (after the sale of property, etc.). Personal income tax is deducted from the salary for those working under employment contracts (this is done by the employer), while those performing<strong> self-employment<\/strong> pay for it yourself. When taxing income related to employment relations, 20 percent is applied. income tax rate <a href=\"http:\/\/draccounting.lt\/en\/naujienos\/\">self-employment incomes<\/a> taxed at 15 percent income tax rate.<\/p>\n<p>GPM turi mok\u0117ti pajam\u0173 gav\u0119 nuolatiniai Lietuvos gyventojai bei nenuolatiniai Lietuvos gyventojai, GPM mokantys nuo pajam\u0173, kuri\u0173 \u0161altinis yra Lietuvoje.<\/p>\n<p><strong>Income tax<\/strong>. It is paid by companies from their earned net taxable profit. The basic corporate tax rate is 15 percent. Lower rates apply to small businesses, social enterprises are completely exempt from this tax.<\/p>\n<p><strong>Value Added Tax (VAT)<\/strong>. VAT is a tax paid by consumers on purchased goods and services. The standard VAT rate is 21 percent. More about <a href=\"https:\/\/www.vmi.lt\/evmi\/pridetines-vertes-mokestis2\">VAT<\/a> you can read it on the official website of VMI.<\/p>\n<p><strong>Social insurance contributions.<\/strong>\u00a0The main purpose of the social insurance system is to guarantee income to the insured in case of loss of working capacity due to illness, maternity, old age, loss of working capacity or in other cases. These taxes are paid by both the employer and the employee. Together, social insurance contributions amount to 40 percent. salary \"on paper\". <strong>State social insurance taxes must also be paid by self-employed persons, who work with business certificates, copyright contracts, athletes, performers, members of families, etc.<\/strong><\/p>\n<p><strong>Mandatory  health insurance (PSD) contributions<\/strong>. SI entitles people to health insurance services free of charge (for most services). If the person is not covered by this insurance, he must pay for the treatment services himself. Automatically insured compulsory health insurance becomes:<\/p>\n<ul>\n<li>Persons working under an employment contract;<\/li>\n<li>People under 18<\/li>\n<li>Retiree.<\/li>\n<li>Unemployed persons registered at the Employment Service;<\/li>\n<li>Persons on pregnancy and childcare leave;<\/li>\n<li>Students<\/li>\n<li>Socially supported persons; other dependent persons assigned to special groups;<\/li>\n<li>Eligible guardians.<\/li>\n<\/ul>\n\n\t\t<\/div>\n\t<\/div>\n<\/div><\/div><\/div><\/div>","protected":false},"excerpt":{"rendered":"Tvarkinga ir savalaik\u0117 buhalterin\u0117 apskaita leid\u017eia valdyti ir prognozuoti \u012fmon\u0117s finansin\u0119 situacij\u0105 bei atlikti taiklius strateginius sprendimus. Mes i\u0161dr\u012fsime pasakyti, jog buhalterija yra viena svarbiausi\u0173 verslo egzistavimo ir evoliucijos sri\u010di\u0173, tod\u0117l tinkamo partnerio pasirinkimas tampa reik\u0161mingu sprendimu. Savo praktikoje mat\u0117me,...","protected":false},"author":1,"featured_media":0,"parent":19,"menu_order":0,"comment_status":"closed","ping_status":"closed","template":"","meta":{"inline_featured_image":false,"footnotes":""},"class_list":["post-2833","page","type-page","status-publish","hentry"],"yoast_head":"<!-- This site is optimized with the Yoast SEO plugin v27.3 - https:\/\/yoast.com\/product\/yoast-seo-wordpress\/ -->\n<title>Buhalterin\u0117 apskaita - m\u016bs\u0173 buhalteris padarys tinkamai.<\/title>\n<meta name=\"description\" content=\"Buhalterin\u0117 apskaita. Konkurencinga kaina, ilgamet\u0117 patirtis. Atsakysime \u012f visus klausimus. Susisiekite jau \u0161iandien. NEMOKAMOS KONSULTACIJOS\" \/>\n<meta name=\"robots\" content=\"index, follow, max-snippet:-1, max-image-preview:large, max-video-preview:-1\" \/>\n<link rel=\"canonical\" href=\"https:\/\/draccounting.lt\/en\/paslaugos\/buhalterine-apskaita\/\" \/>\n<meta property=\"og:locale\" content=\"en_US\" \/>\n<meta property=\"og:type\" content=\"article\" \/>\n<meta property=\"og:title\" content=\"Buhalterin\u0117 apskaita - m\u016bs\u0173 buhalteris padarys tinkamai.\" \/>\n<meta property=\"og:description\" content=\"Buhalterin\u0117 apskaita. Konkurencinga kaina, ilgamet\u0117 patirtis. Atsakysime \u012f visus klausimus. Susisiekite jau \u0161iandien. NEMOKAMOS KONSULTACIJOS\" \/>\n<meta property=\"og:url\" content=\"https:\/\/draccounting.lt\/en\/paslaugos\/buhalterine-apskaita\/\" \/>\n<meta property=\"og:site_name\" content=\"D&amp;R Accounting\" \/>\n<meta property=\"article:publisher\" content=\"https:\/\/www.facebook.com\/Buhalterinespaslaugosjusuverslui\/\" \/>\n<meta property=\"article:modified_time\" content=\"2023-05-24T16:52:22+00:00\" \/>\n<meta name=\"twitter:card\" content=\"summary_large_image\" \/>\n<meta name=\"twitter:label1\" content=\"Est. reading time\" \/>\n\t<meta name=\"twitter:data1\" content=\"5 minutes\" \/>\n<script type=\"application\/ld+json\" class=\"yoast-schema-graph\">{\"@context\":\"https:\\\/\\\/schema.org\",\"@graph\":[{\"@type\":\"WebPage\",\"@id\":\"https:\\\/\\\/draccounting.lt\\\/paslaugos\\\/buhalterine-apskaita\\\/\",\"url\":\"https:\\\/\\\/draccounting.lt\\\/paslaugos\\\/buhalterine-apskaita\\\/\",\"name\":\"Buhalterin\u0117 apskaita - m\u016bs\u0173 buhalteris padarys tinkamai.\",\"isPartOf\":{\"@id\":\"https:\\\/\\\/draccounting.lt\\\/#website\"},\"datePublished\":\"2022-08-07T17:05:14+00:00\",\"dateModified\":\"2023-05-24T16:52:22+00:00\",\"description\":\"Buhalterin\u0117 apskaita. Konkurencinga kaina, ilgamet\u0117 patirtis. Atsakysime \u012f visus klausimus. Susisiekite jau \u0161iandien. NEMOKAMOS KONSULTACIJOS\",\"breadcrumb\":{\"@id\":\"https:\\\/\\\/draccounting.lt\\\/paslaugos\\\/buhalterine-apskaita\\\/#breadcrumb\"},\"inLanguage\":\"en-US\",\"potentialAction\":[{\"@type\":\"ReadAction\",\"target\":[\"https:\\\/\\\/draccounting.lt\\\/paslaugos\\\/buhalterine-apskaita\\\/\"]}]},{\"@type\":\"BreadcrumbList\",\"@id\":\"https:\\\/\\\/draccounting.lt\\\/paslaugos\\\/buhalterine-apskaita\\\/#breadcrumb\",\"itemListElement\":[{\"@type\":\"ListItem\",\"position\":1,\"name\":\"Pagrindinis\",\"item\":\"https:\\\/\\\/draccounting.lt\\\/\"},{\"@type\":\"ListItem\",\"position\":2,\"name\":\"Paslaugos\",\"item\":\"https:\\\/\\\/draccounting.lt\\\/paslaugos\\\/\"},{\"@type\":\"ListItem\",\"position\":3,\"name\":\"Buhalterin\u0117 apskaita\"}]},{\"@type\":\"WebSite\",\"@id\":\"https:\\\/\\\/draccounting.lt\\\/#website\",\"url\":\"https:\\\/\\\/draccounting.lt\\\/\",\"name\":\"D&amp;R Accounting\",\"description\":\"Buhalterin\u0117s apskaitos paslaugos visoje Lietuvoje\",\"publisher\":{\"@id\":\"https:\\\/\\\/draccounting.lt\\\/#organization\"},\"potentialAction\":[{\"@type\":\"SearchAction\",\"target\":{\"@type\":\"EntryPoint\",\"urlTemplate\":\"https:\\\/\\\/draccounting.lt\\\/?s={search_term_string}\"},\"query-input\":{\"@type\":\"PropertyValueSpecification\",\"valueRequired\":true,\"valueName\":\"search_term_string\"}}],\"inLanguage\":\"en-US\"},{\"@type\":\"Organization\",\"@id\":\"https:\\\/\\\/draccounting.lt\\\/#organization\",\"name\":\"D&R Accounting\",\"url\":\"https:\\\/\\\/draccounting.lt\\\/\",\"logo\":{\"@type\":\"ImageObject\",\"inLanguage\":\"en-US\",\"@id\":\"https:\\\/\\\/draccounting.lt\\\/#\\\/schema\\\/logo\\\/image\\\/\",\"url\":\"http:\\\/\\\/draccounting.lt\\\/wp-content\\\/uploads\\\/2021\\\/11\\\/draccounting-logo-main.png\",\"contentUrl\":\"http:\\\/\\\/draccounting.lt\\\/wp-content\\\/uploads\\\/2021\\\/11\\\/draccounting-logo-main.png\",\"width\":1000,\"height\":794,\"caption\":\"D&R Accounting\"},\"image\":{\"@id\":\"https:\\\/\\\/draccounting.lt\\\/#\\\/schema\\\/logo\\\/image\\\/\"},\"sameAs\":[\"https:\\\/\\\/www.facebook.com\\\/Buhalterinespaslaugosjusuverslui\\\/\"]}]}<\/script>\n<!-- \/ Yoast SEO plugin. -->","yoast_head_json":{"title":"Bookkeeping - our accountant will do it right.","description":"Accounting. Competitive price, years of experience. We will answer all questions. Get in touch today. FREE CONSULTATIONS","robots":{"index":"index","follow":"follow","max-snippet":"max-snippet:-1","max-image-preview":"max-image-preview:large","max-video-preview":"max-video-preview:-1"},"canonical":"https:\/\/draccounting.lt\/en\/paslaugos\/buhalterine-apskaita\/","og_locale":"en_US","og_type":"article","og_title":"Buhalterin\u0117 apskaita - m\u016bs\u0173 buhalteris padarys tinkamai.","og_description":"Buhalterin\u0117 apskaita. Konkurencinga kaina, ilgamet\u0117 patirtis. Atsakysime \u012f visus klausimus. Susisiekite jau \u0161iandien. NEMOKAMOS KONSULTACIJOS","og_url":"https:\/\/draccounting.lt\/en\/paslaugos\/buhalterine-apskaita\/","og_site_name":"D&amp;R Accounting","article_publisher":"https:\/\/www.facebook.com\/Buhalterinespaslaugosjusuverslui\/","article_modified_time":"2023-05-24T16:52:22+00:00","twitter_card":"summary_large_image","twitter_misc":{"Est. reading time":"5 minutes"},"schema":{"@context":"https:\/\/schema.org","@graph":[{"@type":"WebPage","@id":"https:\/\/draccounting.lt\/paslaugos\/buhalterine-apskaita\/","url":"https:\/\/draccounting.lt\/paslaugos\/buhalterine-apskaita\/","name":"Bookkeeping - our accountant will do it right.","isPartOf":{"@id":"https:\/\/draccounting.lt\/#website"},"datePublished":"2022-08-07T17:05:14+00:00","dateModified":"2023-05-24T16:52:22+00:00","description":"Accounting. Competitive price, years of experience. We will answer all questions. Get in touch today. FREE CONSULTATIONS","breadcrumb":{"@id":"https:\/\/draccounting.lt\/paslaugos\/buhalterine-apskaita\/#breadcrumb"},"inLanguage":"en-US","potentialAction":[{"@type":"ReadAction","target":["https:\/\/draccounting.lt\/paslaugos\/buhalterine-apskaita\/"]}]},{"@type":"BreadcrumbList","@id":"https:\/\/draccounting.lt\/paslaugos\/buhalterine-apskaita\/#breadcrumb","itemListElement":[{"@type":"ListItem","position":1,"name":"Pagrindinis","item":"https:\/\/draccounting.lt\/"},{"@type":"ListItem","position":2,"name":"Paslaugos","item":"https:\/\/draccounting.lt\/paslaugos\/"},{"@type":"ListItem","position":3,"name":"Buhalterin\u0117 apskaita"}]},{"@type":"WebSite","@id":"https:\/\/draccounting.lt\/#website","url":"https:\/\/draccounting.lt\/","name":"D&amp;R Accounting","description":"Buhalterin\u0117s apskaitos paslaugos visoje Lietuvoje","publisher":{"@id":"https:\/\/draccounting.lt\/#organization"},"potentialAction":[{"@type":"SearchAction","target":{"@type":"EntryPoint","urlTemplate":"https:\/\/draccounting.lt\/?s={search_term_string}"},"query-input":{"@type":"PropertyValueSpecification","valueRequired":true,"valueName":"search_term_string"}}],"inLanguage":"en-US"},{"@type":"Organization","@id":"https:\/\/draccounting.lt\/#organization","name":"D&amp;R Accounting","url":"https:\/\/draccounting.lt\/","logo":{"@type":"ImageObject","inLanguage":"en-US","@id":"https:\/\/draccounting.lt\/#\/schema\/logo\/image\/","url":"http:\/\/draccounting.lt\/wp-content\/uploads\/2021\/11\/draccounting-logo-main.png","contentUrl":"http:\/\/draccounting.lt\/wp-content\/uploads\/2021\/11\/draccounting-logo-main.png","width":1000,"height":794,"caption":"D&R Accounting"},"image":{"@id":"https:\/\/draccounting.lt\/#\/schema\/logo\/image\/"},"sameAs":["https:\/\/www.facebook.com\/Buhalterinespaslaugosjusuverslui\/"]}]}},"_links":{"self":[{"href":"https:\/\/draccounting.lt\/en\/wp-json\/wp\/v2\/pages\/2833","targetHints":{"allow":["GET"]}}],"collection":[{"href":"https:\/\/draccounting.lt\/en\/wp-json\/wp\/v2\/pages"}],"about":[{"href":"https:\/\/draccounting.lt\/en\/wp-json\/wp\/v2\/types\/page"}],"author":[{"embeddable":true,"href":"https:\/\/draccounting.lt\/en\/wp-json\/wp\/v2\/users\/1"}],"replies":[{"embeddable":true,"href":"https:\/\/draccounting.lt\/en\/wp-json\/wp\/v2\/comments?post=2833"}],"version-history":[{"count":13,"href":"https:\/\/draccounting.lt\/en\/wp-json\/wp\/v2\/pages\/2833\/revisions"}],"predecessor-version":[{"id":2980,"href":"https:\/\/draccounting.lt\/en\/wp-json\/wp\/v2\/pages\/2833\/revisions\/2980"}],"up":[{"embeddable":true,"href":"https:\/\/draccounting.lt\/en\/wp-json\/wp\/v2\/pages\/19"}],"wp:attachment":[{"href":"https:\/\/draccounting.lt\/en\/wp-json\/wp\/v2\/media?parent=2833"}],"curies":[{"name":"wp","href":"https:\/\/api.w.org\/{rel}","templated":true}]}}