{"id":2830,"date":"2022-08-07T17:00:33","date_gmt":"2022-08-07T17:00:33","guid":{"rendered":"http:\/\/draccounting.lt\/?page_id=2830"},"modified":"2022-11-28T15:01:45","modified_gmt":"2022-11-28T15:01:45","slug":"elektronines-prekybos-apskaita","status":"publish","type":"page","link":"https:\/\/draccounting.lt\/en\/services\/e-commerce-accounting\/","title":{"rendered":"E-commerce Accounting"},"content":{"rendered":"<div class=\"vc_row wpb_row vc_row-fluid\"><div class=\"wpb_column vc_column_container vc_col-sm-12\"><div class=\"vc_column-inner\"><div class=\"wpb_wrapper\">\n\t<div class=\"wpb_text_column wpb_content_element\" >\n\t\t<div class=\"wpb_wrapper\">\n\t\t\t<p style=\"text-align: justify;\">E-commerce business requires management and control of many different areas. The company not only has to maintain product balances but also has to work with different currencies or enter data into different accounting and tax systems. Systematic and consistent e-commerce is necessary for activities to be transparent, easy to manage and monitor. trade accounting. <a href=\"http:\/\/draccounting.lt\/en\/apie-mus\/\">accounting<\/a> and tax systems. Systematic and consistent e-commerce accounting is necessary for the activity to be transparent, easy to manage and monitor.<\/p>\n<p style=\"text-align: justify;\">Our team e-commerce accounting is carried out when commerce with systems such as Ebay or Amazon. Thus, we firmly believe that the digitization of certain areas of activity helps to manage information related to the flow of goods and money more easily and quickly.<\/p>\n<p><strong>\"D&amp;R Accounting\" can take care of:<\/strong><\/p>\n<ul>\n<li>digitization of sales accounting,<\/li>\n<li>accounting for different VAT charges,<\/li>\n<li>working with different currencies,<\/li>\n<li>inventory tracking,<\/li>\n<li>goods return accounting,<\/li>\n<li>invoicing,<\/li>\n<li>preparation of tax declarations for state institutions,<\/li>\n<li>preparation of reports.<\/li>\n<\/ul>\n<p style=\"text-align: justify;\">Our team believes that process automation and e-experience in the field of e-commerce accounting helps to do things much faster, smoother and smarter.<\/p>\n<p style=\"text-align: justify;\">We would like to share one optional but useful tip by using a tool that facilitates international e-commerce accounting \u2013 OSS system.<\/p>\n<h4><strong>Why register with OSS? <\/strong><\/h4>\n<p style=\"text-align: justify;\">OSS is an optional tool but it significantly simplifies accounting if trade is conducted outside Lithuania. Main advantages:<\/p>\n<ul>\n<li style=\"text-align: justify;\">Implementation of tax obligations in other countries is simplified: after registering in the OSS EU system you do not need to fill out VAT returns for each country in which you sell. The system allows you to prepare one OSS EU scheme declaration, and according to it you pay VAT once - to the Lithuanian VMI, which distributes your taxes to other EU members.<\/li>\n<li style=\"text-align: justify;\">It helps to ensure that customers do not have to pay extra for goods if the products are imported from third countries.<\/li>\n<li style=\"text-align: justify;\">If the company is not a VAT payer (i.e. income did not exceed EUR 45,000) and registered in the system, it will not be assigned a VAT payer code, and sales declared in the OSS EU scheme will not be included in the EUR 45,000 limit, as such sales will normally be considered to have taken place outside of Lithuania (there are exceptions).<\/li>\n<\/ul>\n<p><strong>Can I use the OSS system if I am not a VAT payer? <\/strong><\/p>\n<p style=\"text-align: justify;\">The OSS EU system provides a VAT code within this application. If you are not a VAT payer, then the VAT payer codes of the OSS EU scheme are not published in the VIES system (which usually contains the VAT codes of LR companies). Therefore, if you are not a VAT payer, the VAT code assigned to OSS ES does not appear in the search results when checking the VIES system. If you are not a VAT payer and want to prove that you are registered for OSS EU as a VAT payer in the e-commerce accounting system you can submit a copy of the registration decision.<\/p>\n<p style=\"text-align: justify;\">If you are a VAT payer, then the VAT code of the OSS EU system will match your VAT code in the VIES system.<\/p>\n<p style=\"text-align: justify;\">This e-commerce accounting system really helps to take care of international sales declarations in a high-quality and simple way and simplifies the overall tax liability process.<\/p>\n<p style=\"text-align: justify;\">If you are interested in e-commerce accounting and you are looking for a reliable and experienced partner, submit your request and the \"D&amp;R Accounting\" team will contact you!<\/p>\n\n\t\t<\/div>\n\t<\/div>\n<div class=\"vc_empty_space\"   style=\"height: 50px\"><span class=\"vc_empty_space_inner\"><\/span><\/div><\/div><\/div><\/div><\/div>","protected":false},"excerpt":{"rendered":"El. prekybos verslas reikalauja daugyb\u0117s skirting\u0173 sri\u010di\u0173 valdymo ir kontrol\u0117s. \u012emonei tenka ne tik pri\u017ei\u016br\u0117ti preki\u0173 liku\u010dius, bet ir darbuotis su skirtingomis valiutomis ar pildyti duomenis \u012f skirtingas apskaitos bei mokes\u010di\u0173 sistemas. Tam, kad veikla vykt\u0173 skaidriai, b\u016bt\u0173 lengvai valdoma...","protected":false},"author":1,"featured_media":0,"parent":19,"menu_order":0,"comment_status":"closed","ping_status":"closed","template":"","meta":{"inline_featured_image":false,"footnotes":""},"class_list":["post-2830","page","type-page","status-publish","hentry"],"yoast_head":"<!-- This site is optimized with the Yoast SEO plugin v27.3 - https:\/\/yoast.com\/product\/yoast-seo-wordpress\/ -->\n<title>Elektronin\u0117s prekybos apskaita - D&amp;R Accounting<\/title>\n<meta name=\"description\" content=\"Elektronin\u0117s prekybos apskaita. Pardavim\u0173 apskaita, s\u0105skait\u0173 i\u0161ra\u0161ymai, atsarg\u0173 steb\u0117jimas, visa tai pad\u0117s sukontroliuoti patikima komanda.\" \/>\n<meta name=\"robots\" content=\"index, follow, max-snippet:-1, max-image-preview:large, max-video-preview:-1\" \/>\n<link rel=\"canonical\" href=\"https:\/\/draccounting.lt\/en\/paslaugos\/elektronines-prekybos-apskaita\/\" \/>\n<meta property=\"og:locale\" content=\"en_US\" \/>\n<meta property=\"og:type\" content=\"article\" \/>\n<meta property=\"og:title\" content=\"Elektronin\u0117s prekybos apskaita - D&amp;R Accounting\" \/>\n<meta property=\"og:description\" content=\"Elektronin\u0117s prekybos apskaita. Pardavim\u0173 apskaita, s\u0105skait\u0173 i\u0161ra\u0161ymai, atsarg\u0173 steb\u0117jimas, visa tai pad\u0117s sukontroliuoti patikima komanda.\" \/>\n<meta property=\"og:url\" content=\"https:\/\/draccounting.lt\/en\/paslaugos\/elektronines-prekybos-apskaita\/\" \/>\n<meta property=\"og:site_name\" content=\"D&amp;R Accounting\" \/>\n<meta property=\"article:publisher\" content=\"https:\/\/www.facebook.com\/Buhalterinespaslaugosjusuverslui\/\" \/>\n<meta property=\"article:modified_time\" content=\"2022-11-28T15:01:45+00:00\" \/>\n<meta name=\"twitter:card\" content=\"summary_large_image\" \/>\n<meta name=\"twitter:label1\" content=\"Est. reading time\" \/>\n\t<meta name=\"twitter:data1\" content=\"3 minutes\" \/>\n<script type=\"application\/ld+json\" class=\"yoast-schema-graph\">{\"@context\":\"https:\\\/\\\/schema.org\",\"@graph\":[{\"@type\":\"WebPage\",\"@id\":\"https:\\\/\\\/draccounting.lt\\\/paslaugos\\\/elektronines-prekybos-apskaita\\\/\",\"url\":\"https:\\\/\\\/draccounting.lt\\\/paslaugos\\\/elektronines-prekybos-apskaita\\\/\",\"name\":\"Elektronin\u0117s prekybos apskaita - D&amp;R Accounting\",\"isPartOf\":{\"@id\":\"https:\\\/\\\/draccounting.lt\\\/#website\"},\"datePublished\":\"2022-08-07T17:00:33+00:00\",\"dateModified\":\"2022-11-28T15:01:45+00:00\",\"description\":\"Elektronin\u0117s prekybos apskaita. Pardavim\u0173 apskaita, s\u0105skait\u0173 i\u0161ra\u0161ymai, atsarg\u0173 steb\u0117jimas, visa tai pad\u0117s sukontroliuoti patikima komanda.\",\"breadcrumb\":{\"@id\":\"https:\\\/\\\/draccounting.lt\\\/paslaugos\\\/elektronines-prekybos-apskaita\\\/#breadcrumb\"},\"inLanguage\":\"en-US\",\"potentialAction\":[{\"@type\":\"ReadAction\",\"target\":[\"https:\\\/\\\/draccounting.lt\\\/paslaugos\\\/elektronines-prekybos-apskaita\\\/\"]}]},{\"@type\":\"BreadcrumbList\",\"@id\":\"https:\\\/\\\/draccounting.lt\\\/paslaugos\\\/elektronines-prekybos-apskaita\\\/#breadcrumb\",\"itemListElement\":[{\"@type\":\"ListItem\",\"position\":1,\"name\":\"Pagrindinis\",\"item\":\"https:\\\/\\\/draccounting.lt\\\/\"},{\"@type\":\"ListItem\",\"position\":2,\"name\":\"Paslaugos\",\"item\":\"https:\\\/\\\/draccounting.lt\\\/paslaugos\\\/\"},{\"@type\":\"ListItem\",\"position\":3,\"name\":\"Elektronin\u0117s prekybos apskaita\"}]},{\"@type\":\"WebSite\",\"@id\":\"https:\\\/\\\/draccounting.lt\\\/#website\",\"url\":\"https:\\\/\\\/draccounting.lt\\\/\",\"name\":\"D&amp;R Accounting\",\"description\":\"Buhalterin\u0117s apskaitos paslaugos visoje Lietuvoje\",\"publisher\":{\"@id\":\"https:\\\/\\\/draccounting.lt\\\/#organization\"},\"potentialAction\":[{\"@type\":\"SearchAction\",\"target\":{\"@type\":\"EntryPoint\",\"urlTemplate\":\"https:\\\/\\\/draccounting.lt\\\/?s={search_term_string}\"},\"query-input\":{\"@type\":\"PropertyValueSpecification\",\"valueRequired\":true,\"valueName\":\"search_term_string\"}}],\"inLanguage\":\"en-US\"},{\"@type\":\"Organization\",\"@id\":\"https:\\\/\\\/draccounting.lt\\\/#organization\",\"name\":\"D&R Accounting\",\"url\":\"https:\\\/\\\/draccounting.lt\\\/\",\"logo\":{\"@type\":\"ImageObject\",\"inLanguage\":\"en-US\",\"@id\":\"https:\\\/\\\/draccounting.lt\\\/#\\\/schema\\\/logo\\\/image\\\/\",\"url\":\"http:\\\/\\\/draccounting.lt\\\/wp-content\\\/uploads\\\/2021\\\/11\\\/draccounting-logo-main.png\",\"contentUrl\":\"http:\\\/\\\/draccounting.lt\\\/wp-content\\\/uploads\\\/2021\\\/11\\\/draccounting-logo-main.png\",\"width\":1000,\"height\":794,\"caption\":\"D&R Accounting\"},\"image\":{\"@id\":\"https:\\\/\\\/draccounting.lt\\\/#\\\/schema\\\/logo\\\/image\\\/\"},\"sameAs\":[\"https:\\\/\\\/www.facebook.com\\\/Buhalterinespaslaugosjusuverslui\\\/\"]}]}<\/script>\n<!-- \/ Yoast SEO plugin. -->","yoast_head_json":{"title":"Elektronin\u0117s prekybos apskaita - D&amp;R Accounting","description":"Accounting for electronic commerce. Sales accounting, invoicing, inventory tracking, all this will be controlled by a reliable team.","robots":{"index":"index","follow":"follow","max-snippet":"max-snippet:-1","max-image-preview":"max-image-preview:large","max-video-preview":"max-video-preview:-1"},"canonical":"https:\/\/draccounting.lt\/en\/paslaugos\/elektronines-prekybos-apskaita\/","og_locale":"en_US","og_type":"article","og_title":"Elektronin\u0117s prekybos apskaita - D&amp;R Accounting","og_description":"Elektronin\u0117s prekybos apskaita. Pardavim\u0173 apskaita, s\u0105skait\u0173 i\u0161ra\u0161ymai, atsarg\u0173 steb\u0117jimas, visa tai pad\u0117s sukontroliuoti patikima komanda.","og_url":"https:\/\/draccounting.lt\/en\/paslaugos\/elektronines-prekybos-apskaita\/","og_site_name":"D&amp;R Accounting","article_publisher":"https:\/\/www.facebook.com\/Buhalterinespaslaugosjusuverslui\/","article_modified_time":"2022-11-28T15:01:45+00:00","twitter_card":"summary_large_image","twitter_misc":{"Est. reading time":"3 minutes"},"schema":{"@context":"https:\/\/schema.org","@graph":[{"@type":"WebPage","@id":"https:\/\/draccounting.lt\/paslaugos\/elektronines-prekybos-apskaita\/","url":"https:\/\/draccounting.lt\/paslaugos\/elektronines-prekybos-apskaita\/","name":"Elektronin\u0117s prekybos apskaita - D&amp;R Accounting","isPartOf":{"@id":"https:\/\/draccounting.lt\/#website"},"datePublished":"2022-08-07T17:00:33+00:00","dateModified":"2022-11-28T15:01:45+00:00","description":"Accounting for electronic commerce. Sales accounting, invoicing, inventory tracking, all this will be controlled by a reliable team.","breadcrumb":{"@id":"https:\/\/draccounting.lt\/paslaugos\/elektronines-prekybos-apskaita\/#breadcrumb"},"inLanguage":"en-US","potentialAction":[{"@type":"ReadAction","target":["https:\/\/draccounting.lt\/paslaugos\/elektronines-prekybos-apskaita\/"]}]},{"@type":"BreadcrumbList","@id":"https:\/\/draccounting.lt\/paslaugos\/elektronines-prekybos-apskaita\/#breadcrumb","itemListElement":[{"@type":"ListItem","position":1,"name":"Pagrindinis","item":"https:\/\/draccounting.lt\/"},{"@type":"ListItem","position":2,"name":"Paslaugos","item":"https:\/\/draccounting.lt\/paslaugos\/"},{"@type":"ListItem","position":3,"name":"Elektronin\u0117s prekybos apskaita"}]},{"@type":"WebSite","@id":"https:\/\/draccounting.lt\/#website","url":"https:\/\/draccounting.lt\/","name":"D&amp;R Accounting","description":"Buhalterin\u0117s apskaitos paslaugos visoje Lietuvoje","publisher":{"@id":"https:\/\/draccounting.lt\/#organization"},"potentialAction":[{"@type":"SearchAction","target":{"@type":"EntryPoint","urlTemplate":"https:\/\/draccounting.lt\/?s={search_term_string}"},"query-input":{"@type":"PropertyValueSpecification","valueRequired":true,"valueName":"search_term_string"}}],"inLanguage":"en-US"},{"@type":"Organization","@id":"https:\/\/draccounting.lt\/#organization","name":"D&amp;R Accounting","url":"https:\/\/draccounting.lt\/","logo":{"@type":"ImageObject","inLanguage":"en-US","@id":"https:\/\/draccounting.lt\/#\/schema\/logo\/image\/","url":"http:\/\/draccounting.lt\/wp-content\/uploads\/2021\/11\/draccounting-logo-main.png","contentUrl":"http:\/\/draccounting.lt\/wp-content\/uploads\/2021\/11\/draccounting-logo-main.png","width":1000,"height":794,"caption":"D&R Accounting"},"image":{"@id":"https:\/\/draccounting.lt\/#\/schema\/logo\/image\/"},"sameAs":["https:\/\/www.facebook.com\/Buhalterinespaslaugosjusuverslui\/"]}]}},"_links":{"self":[{"href":"https:\/\/draccounting.lt\/en\/wp-json\/wp\/v2\/pages\/2830","targetHints":{"allow":["GET"]}}],"collection":[{"href":"https:\/\/draccounting.lt\/en\/wp-json\/wp\/v2\/pages"}],"about":[{"href":"https:\/\/draccounting.lt\/en\/wp-json\/wp\/v2\/types\/page"}],"author":[{"embeddable":true,"href":"https:\/\/draccounting.lt\/en\/wp-json\/wp\/v2\/users\/1"}],"replies":[{"embeddable":true,"href":"https:\/\/draccounting.lt\/en\/wp-json\/wp\/v2\/comments?post=2830"}],"version-history":[{"count":12,"href":"https:\/\/draccounting.lt\/en\/wp-json\/wp\/v2\/pages\/2830\/revisions"}],"predecessor-version":[{"id":2939,"href":"https:\/\/draccounting.lt\/en\/wp-json\/wp\/v2\/pages\/2830\/revisions\/2939"}],"up":[{"embeddable":true,"href":"https:\/\/draccounting.lt\/en\/wp-json\/wp\/v2\/pages\/19"}],"wp:attachment":[{"href":"https:\/\/draccounting.lt\/en\/wp-json\/wp\/v2\/media?parent=2830"}],"curies":[{"name":"wp","href":"https:\/\/api.w.org\/{rel}","templated":true}]}}