{"id":22,"date":"2014-11-11T11:14:30","date_gmt":"2014-11-11T11:14:30","guid":{"rendered":"http:\/\/anpsthemes.com\/constructo\/?page_id=15"},"modified":"2022-12-19T11:27:25","modified_gmt":"2022-12-19T11:27:25","slug":"kontaktai","status":"publish","type":"page","link":"https:\/\/draccounting.lt\/en\/contact-us\/","title":{"rendered":"Contacts"},"content":{"rendered":"<div class=\"vc_row wpb_row vc_row-fluid\"><div class=\"wpb_column vc_column_container vc_col-sm-4\"><div class=\"vc_column-inner\"><div class=\"wpb_wrapper\"><h4 class='heading-content  style-1' ><span>Contacts<\/span><\/h4><div class=\"vc_empty_space\"   style=\"height: 15px\"><span class=\"vc_empty_space_inner\"><\/span><\/div>\n\t<div class=\"wpb_text_column wpb_content_element\" >\n\t\t<div class=\"wpb_wrapper\">\n\t\t\t<p><strong>MB Dobora<\/strong><br \/>\nCompany code 305296944<\/p>\n<p>Phone number +370 625 45600<br \/>\nE-mail <a href=\"mailto:info@draccounting.lt\">info@draccounting.lt<br \/>\n<\/a><\/p>\n\n\t\t<\/div>\n\t<\/div>\n<\/div><\/div><\/div><\/div><div class=\"vc_row wpb_row vc_row-fluid vc_custom_1418807519392\"><div class=\"wpb_column vc_column_container vc_col-sm-12\"><div class=\"vc_column-inner\"><div class=\"wpb_wrapper\"><h5 class='heading-content  style-1' ><span>Please send us a message<\/span><\/h5><div class=\"vc_empty_space\"   style=\"height: 15px\"><span class=\"vc_empty_space_inner\"><\/span><\/div>\n<div class=\"wpcf7 no-js\" id=\"wpcf7-f452-o1\" lang=\"en-US\" dir=\"ltr\" data-wpcf7-id=\"452\">\n<div class=\"screen-reader-response\"><p role=\"status\" aria-live=\"polite\" aria-atomic=\"true\"><\/p> <ul><\/ul><\/div>\n<form action=\"\/en\/wp-json\/wp\/v2\/pages\/22#wpcf7-f452-o1\" method=\"post\" class=\"wpcf7-form init\" aria-label=\"Contact form\" novalidate=\"novalidate\" data-status=\"init\" data-trp-original-action=\"\/en\/wp-json\/wp\/v2\/pages\/22#wpcf7-f452-o1\">\n<fieldset class=\"hidden-fields-container\"><input type=\"hidden\" name=\"_wpcf7\" value=\"452\" \/><input type=\"hidden\" name=\"_wpcf7_version\" value=\"6.1.5\" \/><input type=\"hidden\" name=\"_wpcf7_locale\" value=\"en_US\" \/><input type=\"hidden\" name=\"_wpcf7_unit_tag\" value=\"wpcf7-f452-o1\" \/><input type=\"hidden\" name=\"_wpcf7_container_post\" value=\"0\" \/><input type=\"hidden\" name=\"_wpcf7_posted_data_hash\" value=\"\" \/><input type=\"hidden\" name=\"_wpcf7_recaptcha_response\" value=\"\" \/>\n<\/fieldset>\n<div class=\"col-sm-5 noleftpadding\">\n\t<p><span class=\"wpcf7-form-control-wrap\" data-name=\"your-name\"><input size=\"40\" maxlength=\"400\" class=\"wpcf7-form-control wpcf7-text wpcf7-validates-as-required\" aria-required=\"true\" aria-invalid=\"false\" placeholder=\"Name\" value=\"\" type=\"text\" name=\"your-name\" \/><\/span>\n\t<\/p>\n\t<p><span class=\"wpcf7-form-control-wrap\" data-name=\"menu-277\"><select class=\"wpcf7-form-control wpcf7-select\" aria-invalid=\"false\" name=\"menu-277\"><option value=\"Buhalterin\u0117s paslaugos\">Accounting services<\/option><option value=\"Verslo konsultavimas\">Business consulting<\/option><option value=\"Mokes\u010di\u0173 planavimas\">Tax planning<\/option><option value=\"Kita\">Other<\/option><\/select><\/span>\n\t<\/p>\n\t<p><span class=\"wpcf7-form-control-wrap\" data-name=\"your-email\"><input size=\"40\" maxlength=\"400\" class=\"wpcf7-form-control wpcf7-email wpcf7-validates-as-required wpcf7-text wpcf7-validates-as-email\" aria-required=\"true\" aria-invalid=\"false\" placeholder=\"E-mail\" value=\"\" type=\"email\" name=\"your-email\" \/><\/span>\n\t<\/p>\n<\/div>\n<div class=\"col-sm-7 norightpadding\">\n\t<p><span class=\"wpcf7-form-control-wrap\" data-name=\"your-message\"><textarea cols=\"25\" rows=\"3\" maxlength=\"2000\" class=\"wpcf7-form-control wpcf7-textarea\" aria-invalid=\"false\" placeholder=\"Message\" name=\"your-message\"><\/textarea><\/span>\n\t<\/p>\n\t<p><input class=\"wpcf7-form-control wpcf7-submit has-spinner btn style-1\" type=\"submit\" value=\"Send\" \/>\n\t<\/p>\n<\/div><div class=\"wpcf7-response-output\" aria-hidden=\"true\"><\/div>\n<input type=\"hidden\" name=\"trp-form-language\" value=\"en\"\/><\/form>\n<\/div>\n<\/div><\/div><\/div><\/div><div class=\"vc_row wpb_row vc_row-fluid\"><div class=\"wpb_column vc_column_container vc_col-sm-12\"><div class=\"vc_column-inner\"><div class=\"wpb_wrapper\"><div class=\"vc_empty_space\"   style=\"height: 50px\"><span class=\"vc_empty_space_inner\"><\/span><\/div><\/div><\/div><\/div><\/div><div class=\"vc_row wpb_row vc_row-fluid\"><div class=\"wpb_column vc_column_container vc_col-sm-8\"><div class=\"vc_column-inner\"><div class=\"wpb_wrapper\"><h2 class='heading-left  divider-sm'  style='color: #000000'><span>FREE SERVICE PROPOSAL FOR YOUR BUSINESS<\/span><\/h2><div class=\"vc_empty_space\"   style=\"height: 15px\"><span class=\"vc_empty_space_inner\"><\/span><\/div>\n\t<div class=\"wpb_text_column wpb_content_element\" >\n\t\t<div class=\"wpb_wrapper\">\n\t\t\t<p>Do you want to know how much the relevant accounting services would cost you? Fill out the request form next to it and we will prepare a cooperation offer tailored to you personally.<\/p>\n\n\t\t<\/div>\n\t<\/div>\n<div class=\"vc_empty_space\"   style=\"height: 25px\"><span class=\"vc_empty_space_inner\"><\/span><\/div>\n\t<div  class=\"wpb_single_image wpb_content_element vc_align_left\">\n\t\t\n\t\t<figure class=\"wpb_wrapper vc_figure\">\n\t\t\t<div class=\"vc_single_image-wrapper   vc_box_border_grey\"><img loading=\"lazy\" decoding=\"async\" width=\"720\" height=\"320\" src=\"https:\/\/draccounting.lt\/wp-content\/uploads\/2021\/12\/foto.png\" class=\"vc_single_image-img attachment-full\" alt=\"Buhaltenin\u0117s paslaugos, apskaita\" srcset=\"https:\/\/draccounting.lt\/wp-content\/uploads\/2021\/12\/foto.png 720w, https:\/\/draccounting.lt\/wp-content\/uploads\/2021\/12\/foto-300x133.png 300w, https:\/\/draccounting.lt\/wp-content\/uploads\/2021\/12\/foto-370x164.png 370w, https:\/\/draccounting.lt\/wp-content\/uploads\/2021\/12\/foto-360x160.png 360w\" sizes=\"auto, (max-width: 720px) 100vw, 720px\" \/><\/div>\n\t\t<\/figure>\n\t<\/div>\n<\/div><\/div><\/div><div class=\"wpb_column vc_column_container vc_col-sm-4\"><div class=\"vc_column-inner\"><div class=\"wpb_wrapper\">\n<div class=\"wpcf7 no-js\" id=\"wpcf7-f1067-o2\" lang=\"en-US\" dir=\"ltr\" data-wpcf7-id=\"1067\">\n<div class=\"screen-reader-response\"><p role=\"status\" aria-live=\"polite\" aria-atomic=\"true\"><\/p> <ul><\/ul><\/div>\n<form action=\"\/en\/wp-json\/wp\/v2\/pages\/22#wpcf7-f1067-o2\" method=\"post\" class=\"wpcf7-form init\" aria-label=\"Contact form\" novalidate=\"novalidate\" data-status=\"init\" data-trp-original-action=\"\/en\/wp-json\/wp\/v2\/pages\/22#wpcf7-f1067-o2\">\n<fieldset class=\"hidden-fields-container\"><input type=\"hidden\" name=\"_wpcf7\" value=\"1067\" \/><input type=\"hidden\" name=\"_wpcf7_version\" value=\"6.1.5\" \/><input type=\"hidden\" name=\"_wpcf7_locale\" value=\"en_US\" \/><input type=\"hidden\" name=\"_wpcf7_unit_tag\" value=\"wpcf7-f1067-o2\" \/><input type=\"hidden\" name=\"_wpcf7_container_post\" value=\"0\" \/><input type=\"hidden\" name=\"_wpcf7_posted_data_hash\" value=\"\" \/><input type=\"hidden\" name=\"_wpcf7_recaptcha_response\" value=\"\" \/>\n<\/fieldset>\n<div class=\"col-md-12 form-wrap get-a-quote\">\n\t<div>\n\t\t<p><span class=\"wpcf7-form-control-wrap\" data-name=\"text-931\"><input size=\"40\" maxlength=\"400\" class=\"wpcf7-form-control wpcf7-text wpcf7-validates-as-required\" aria-required=\"true\" aria-invalid=\"false\" placeholder=\"Name \/ Company name\" value=\"\" type=\"text\" name=\"text-931\" \/><\/span>\n\t\t<\/p>\n\t<\/div>\n\t<div>\n\t\t<p><span class=\"wpcf7-form-control-wrap\" data-name=\"email-859\"><input size=\"40\" maxlength=\"400\" class=\"wpcf7-form-control wpcf7-email wpcf7-validates-as-required wpcf7-text wpcf7-validates-as-email\" aria-required=\"true\" aria-invalid=\"false\" placeholder=\"E-mail\" value=\"\" type=\"email\" name=\"email-859\" \/><\/span>\n\t\t<\/p>\n\t<\/div>\n\t<div>\n\t\t<p><span class=\"wpcf7-form-control-wrap\" data-name=\"tel-823\"><input size=\"40\" maxlength=\"400\" class=\"wpcf7-form-control wpcf7-tel wpcf7-validates-as-required wpcf7-text wpcf7-validates-as-tel\" aria-required=\"true\" aria-invalid=\"false\" placeholder=\"Phone\" value=\"\" type=\"tel\" name=\"tel-823\" \/><\/span>\n\t\t<\/p>\n\t<\/div>\n\t<div>\n\t\t<p><span class=\"wpcf7-form-control-wrap\" data-name=\"text-608\"><input size=\"40\" maxlength=\"400\" class=\"wpcf7-form-control wpcf7-text wpcf7-validates-as-required\" aria-required=\"true\" aria-invalid=\"false\" placeholder=\"Number of employees\" value=\"\" type=\"text\" name=\"text-608\" \/><\/span>\n\t\t<\/p>\n\t<\/div>\n\t<div>\n\t\t<p><span class=\"wpcf7-form-control-wrap\" data-name=\"menu-277\"><select class=\"wpcf7-form-control wpcf7-select\" aria-invalid=\"false\" name=\"menu-277\"><option value=\"PVM mok\u0117tojas\">VAT payer<\/option><option value=\"Taip\">Yes<\/option><option value=\"ne\">No<\/option><\/select><\/span>\n\t\t<\/p>\n\t<\/div>\n\t<div>\n\t\t<p><span class=\"wpcf7-form-control-wrap\" data-name=\"text-976\"><input size=\"40\" maxlength=\"400\" class=\"wpcf7-form-control wpcf7-text wpcf7-validates-as-required\" aria-required=\"true\" aria-invalid=\"false\" placeholder=\"Number of invoices issued\" value=\"\" type=\"text\" name=\"text-976\" \/><\/span>\n\t\t<\/p>\n\t<\/div>\n\t<div>\n\t\t<p><span class=\"wpcf7-form-control-wrap\" data-name=\"text-incom\"><input size=\"40\" maxlength=\"400\" class=\"wpcf7-form-control wpcf7-text wpcf7-validates-as-required\" aria-required=\"true\" aria-invalid=\"false\" placeholder=\"Number of invoices received\" value=\"\" type=\"text\" name=\"text-incom\" \/><\/span>\n\t\t<\/p>\n\t<\/div>\n\t<div>\n\t\t<p><input class=\"wpcf7-form-control wpcf7-submit has-spinner btn style-1\" type=\"submit\" value=\"Get a quote\" \/>\n\t\t<\/p>\n\t<\/div>\n<\/div><div class=\"wpcf7-response-output\" aria-hidden=\"true\"><\/div>\n<input type=\"hidden\" name=\"trp-form-language\" value=\"en\"\/><\/form>\n<\/div>\n<\/div><\/div><\/div><\/div>","protected":false},"excerpt":{"rendered":"KONTAKTAI MB Dobora \u012em. kodas 305296944 Telefonas:\u00a0+370 625 45600 Elektroninis pa\u0161tas: info@draccounting.lt ATSI\u0172SKITE MUMS \u017dINUT\u0118 Buhalterin\u0117s paslaugosVerslo konsultavimasMokes\u010di\u0173 planavimasKita NEMOKAMAS PASLAUG\u0172 PASI\u016aLYMAS J\u016aS\u0172 VERSLUI Norite su\u017einoti, kiek kainuot\u0173 Jums aktualios apskaitos paslaugos? U\u017epildykite \u0161alia esan\u010di\u0105 u\u017eklausos form\u0105 ir mes paruo\u0161ime...","protected":false},"author":1,"featured_media":0,"parent":0,"menu_order":0,"comment_status":"closed","ping_status":"closed","template":"","meta":{"inline_featured_image":false,"footnotes":""},"class_list":["post-22","page","type-page","status-publish","hentry"],"yoast_head":"<!-- This site is optimized with the Yoast SEO plugin v27.3 - https:\/\/yoast.com\/product\/yoast-seo-wordpress\/ -->\n<title>Kontaktai - D&amp;R Accounting<\/title>\n<meta name=\"description\" content=\"Reikalingos buhalterin\u0117s paslaugos ir \u012fmon\u0117s apskaita? Patik\u0117kite mums savo finansin\u0119 apskait\u0105! Konsultuojame nemokamai.\" \/>\n<meta name=\"robots\" content=\"index, follow, max-snippet:-1, max-image-preview:large, max-video-preview:-1\" \/>\n<link rel=\"canonical\" href=\"https:\/\/draccounting.lt\/en\/kontaktai\/\" \/>\n<meta property=\"og:locale\" content=\"en_US\" \/>\n<meta property=\"og:type\" content=\"article\" \/>\n<meta property=\"og:title\" content=\"Kontaktai - D&amp;R Accounting\" \/>\n<meta property=\"og:description\" content=\"Reikalingos buhalterin\u0117s paslaugos ir \u012fmon\u0117s apskaita? Patik\u0117kite mums savo finansin\u0119 apskait\u0105! Konsultuojame nemokamai.\" \/>\n<meta property=\"og:url\" content=\"https:\/\/draccounting.lt\/en\/kontaktai\/\" \/>\n<meta property=\"og:site_name\" content=\"D&amp;R Accounting\" \/>\n<meta property=\"article:publisher\" content=\"https:\/\/www.facebook.com\/Buhalterinespaslaugosjusuverslui\/\" \/>\n<meta property=\"article:modified_time\" content=\"2022-12-19T11:27:25+00:00\" \/>\n<meta name=\"twitter:card\" content=\"summary_large_image\" \/>\n<meta name=\"twitter:label1\" content=\"Est. reading time\" \/>\n\t<meta name=\"twitter:data1\" content=\"1 minute\" \/>\n<script type=\"application\/ld+json\" class=\"yoast-schema-graph\">{\"@context\":\"https:\\\/\\\/schema.org\",\"@graph\":[{\"@type\":\"WebPage\",\"@id\":\"https:\\\/\\\/draccounting.lt\\\/kontaktai\\\/\",\"url\":\"https:\\\/\\\/draccounting.lt\\\/kontaktai\\\/\",\"name\":\"Kontaktai - D&amp;R Accounting\",\"isPartOf\":{\"@id\":\"https:\\\/\\\/draccounting.lt\\\/#website\"},\"datePublished\":\"2014-11-11T11:14:30+00:00\",\"dateModified\":\"2022-12-19T11:27:25+00:00\",\"description\":\"Reikalingos buhalterin\u0117s paslaugos ir \u012fmon\u0117s apskaita? Patik\u0117kite mums savo finansin\u0119 apskait\u0105! Konsultuojame nemokamai.\",\"breadcrumb\":{\"@id\":\"https:\\\/\\\/draccounting.lt\\\/kontaktai\\\/#breadcrumb\"},\"inLanguage\":\"en-US\",\"potentialAction\":[{\"@type\":\"ReadAction\",\"target\":[\"https:\\\/\\\/draccounting.lt\\\/kontaktai\\\/\"]}]},{\"@type\":\"BreadcrumbList\",\"@id\":\"https:\\\/\\\/draccounting.lt\\\/kontaktai\\\/#breadcrumb\",\"itemListElement\":[{\"@type\":\"ListItem\",\"position\":1,\"name\":\"Pagrindinis\",\"item\":\"https:\\\/\\\/draccounting.lt\\\/\"},{\"@type\":\"ListItem\",\"position\":2,\"name\":\"Kontaktai\"}]},{\"@type\":\"WebSite\",\"@id\":\"https:\\\/\\\/draccounting.lt\\\/#website\",\"url\":\"https:\\\/\\\/draccounting.lt\\\/\",\"name\":\"D&amp;R Accounting\",\"description\":\"Buhalterin\u0117s apskaitos paslaugos visoje Lietuvoje\",\"publisher\":{\"@id\":\"https:\\\/\\\/draccounting.lt\\\/#organization\"},\"potentialAction\":[{\"@type\":\"SearchAction\",\"target\":{\"@type\":\"EntryPoint\",\"urlTemplate\":\"https:\\\/\\\/draccounting.lt\\\/?s={search_term_string}\"},\"query-input\":{\"@type\":\"PropertyValueSpecification\",\"valueRequired\":true,\"valueName\":\"search_term_string\"}}],\"inLanguage\":\"en-US\"},{\"@type\":\"Organization\",\"@id\":\"https:\\\/\\\/draccounting.lt\\\/#organization\",\"name\":\"D&R Accounting\",\"url\":\"https:\\\/\\\/draccounting.lt\\\/\",\"logo\":{\"@type\":\"ImageObject\",\"inLanguage\":\"en-US\",\"@id\":\"https:\\\/\\\/draccounting.lt\\\/#\\\/schema\\\/logo\\\/image\\\/\",\"url\":\"http:\\\/\\\/draccounting.lt\\\/wp-content\\\/uploads\\\/2021\\\/11\\\/draccounting-logo-main.png\",\"contentUrl\":\"http:\\\/\\\/draccounting.lt\\\/wp-content\\\/uploads\\\/2021\\\/11\\\/draccounting-logo-main.png\",\"width\":1000,\"height\":794,\"caption\":\"D&R Accounting\"},\"image\":{\"@id\":\"https:\\\/\\\/draccounting.lt\\\/#\\\/schema\\\/logo\\\/image\\\/\"},\"sameAs\":[\"https:\\\/\\\/www.facebook.com\\\/Buhalterinespaslaugosjusuverslui\\\/\"]}]}<\/script>\n<!-- \/ Yoast SEO plugin. -->","yoast_head_json":{"title":"Kontaktai - D&amp;R Accounting","description":"Need accounting services and company accounting? Trust us with your financial accounting! We consult for free.","robots":{"index":"index","follow":"follow","max-snippet":"max-snippet:-1","max-image-preview":"max-image-preview:large","max-video-preview":"max-video-preview:-1"},"canonical":"https:\/\/draccounting.lt\/en\/kontaktai\/","og_locale":"en_US","og_type":"article","og_title":"Kontaktai - D&amp;R Accounting","og_description":"Reikalingos buhalterin\u0117s paslaugos ir \u012fmon\u0117s apskaita? Patik\u0117kite mums savo finansin\u0119 apskait\u0105! Konsultuojame nemokamai.","og_url":"https:\/\/draccounting.lt\/en\/kontaktai\/","og_site_name":"D&amp;R Accounting","article_publisher":"https:\/\/www.facebook.com\/Buhalterinespaslaugosjusuverslui\/","article_modified_time":"2022-12-19T11:27:25+00:00","twitter_card":"summary_large_image","twitter_misc":{"Est. reading time":"1 minute"},"schema":{"@context":"https:\/\/schema.org","@graph":[{"@type":"WebPage","@id":"https:\/\/draccounting.lt\/kontaktai\/","url":"https:\/\/draccounting.lt\/kontaktai\/","name":"Kontaktai - D&amp;R Accounting","isPartOf":{"@id":"https:\/\/draccounting.lt\/#website"},"datePublished":"2014-11-11T11:14:30+00:00","dateModified":"2022-12-19T11:27:25+00:00","description":"Need accounting services and company accounting? Trust us with your financial accounting! We consult for free.","breadcrumb":{"@id":"https:\/\/draccounting.lt\/kontaktai\/#breadcrumb"},"inLanguage":"en-US","potentialAction":[{"@type":"ReadAction","target":["https:\/\/draccounting.lt\/kontaktai\/"]}]},{"@type":"BreadcrumbList","@id":"https:\/\/draccounting.lt\/kontaktai\/#breadcrumb","itemListElement":[{"@type":"ListItem","position":1,"name":"Pagrindinis","item":"https:\/\/draccounting.lt\/"},{"@type":"ListItem","position":2,"name":"Kontaktai"}]},{"@type":"WebSite","@id":"https:\/\/draccounting.lt\/#website","url":"https:\/\/draccounting.lt\/","name":"D&amp;R Accounting","description":"Buhalterin\u0117s apskaitos paslaugos visoje Lietuvoje","publisher":{"@id":"https:\/\/draccounting.lt\/#organization"},"potentialAction":[{"@type":"SearchAction","target":{"@type":"EntryPoint","urlTemplate":"https:\/\/draccounting.lt\/?s={search_term_string}"},"query-input":{"@type":"PropertyValueSpecification","valueRequired":true,"valueName":"search_term_string"}}],"inLanguage":"en-US"},{"@type":"Organization","@id":"https:\/\/draccounting.lt\/#organization","name":"D&amp;R Accounting","url":"https:\/\/draccounting.lt\/","logo":{"@type":"ImageObject","inLanguage":"en-US","@id":"https:\/\/draccounting.lt\/#\/schema\/logo\/image\/","url":"http:\/\/draccounting.lt\/wp-content\/uploads\/2021\/11\/draccounting-logo-main.png","contentUrl":"http:\/\/draccounting.lt\/wp-content\/uploads\/2021\/11\/draccounting-logo-main.png","width":1000,"height":794,"caption":"D&R Accounting"},"image":{"@id":"https:\/\/draccounting.lt\/#\/schema\/logo\/image\/"},"sameAs":["https:\/\/www.facebook.com\/Buhalterinespaslaugosjusuverslui\/"]}]}},"_links":{"self":[{"href":"https:\/\/draccounting.lt\/en\/wp-json\/wp\/v2\/pages\/22","targetHints":{"allow":["GET"]}}],"collection":[{"href":"https:\/\/draccounting.lt\/en\/wp-json\/wp\/v2\/pages"}],"about":[{"href":"https:\/\/draccounting.lt\/en\/wp-json\/wp\/v2\/types\/page"}],"author":[{"embeddable":true,"href":"https:\/\/draccounting.lt\/en\/wp-json\/wp\/v2\/users\/1"}],"replies":[{"embeddable":true,"href":"https:\/\/draccounting.lt\/en\/wp-json\/wp\/v2\/comments?post=22"}],"version-history":[{"count":11,"href":"https:\/\/draccounting.lt\/en\/wp-json\/wp\/v2\/pages\/22\/revisions"}],"predecessor-version":[{"id":2949,"href":"https:\/\/draccounting.lt\/en\/wp-json\/wp\/v2\/pages\/22\/revisions\/2949"}],"wp:attachment":[{"href":"https:\/\/draccounting.lt\/en\/wp-json\/wp\/v2\/media?parent=22"}],"curies":[{"name":"wp","href":"https:\/\/api.w.org\/{rel}","templated":true}]}}