{"id":20,"date":"2014-11-11T11:14:05","date_gmt":"2014-11-11T11:14:05","guid":{"rendered":"http:\/\/anpsthemes.com\/constructo\/?page_id=11"},"modified":"2022-11-28T15:12:54","modified_gmt":"2022-11-28T15:12:54","slug":"apie-mus","status":"publish","type":"page","link":"https:\/\/draccounting.lt\/en\/about-us\/","title":{"rendered":"About us"},"content":{"rendered":"<div class=\"vc_row wpb_row vc_row-fluid vc_custom_1487757781179\"><div class=\"wpb_column vc_column_container vc_col-sm-6\"><div class=\"vc_column-inner\"><div class=\"wpb_wrapper\">\n\t<div  class=\"wpb_single_image wpb_content_element vc_align_center\">\n\t\t\n\t\t<figure class=\"wpb_wrapper vc_figure\">\n\t\t\t<div class=\"vc_single_image-wrapper   vc_box_border_grey\"><img loading=\"lazy\" decoding=\"async\" width=\"1854\" height=\"2560\" src=\"https:\/\/draccounting.lt\/wp-content\/uploads\/2022\/08\/DSC_3718-scaled.jpg\" class=\"vc_single_image-img attachment-full\" alt=\"\" srcset=\"https:\/\/draccounting.lt\/wp-content\/uploads\/2022\/08\/DSC_3718-scaled.jpg 1854w, https:\/\/draccounting.lt\/wp-content\/uploads\/2022\/08\/DSC_3718-217x300.jpg 217w, https:\/\/draccounting.lt\/wp-content\/uploads\/2022\/08\/DSC_3718-742x1024.jpg 742w, https:\/\/draccounting.lt\/wp-content\/uploads\/2022\/08\/DSC_3718-768x1060.jpg 768w, https:\/\/draccounting.lt\/wp-content\/uploads\/2022\/08\/DSC_3718-1113x1536.jpg 1113w, https:\/\/draccounting.lt\/wp-content\/uploads\/2022\/08\/DSC_3718-1484x2048.jpg 1484w, https:\/\/draccounting.lt\/wp-content\/uploads\/2022\/08\/DSC_3718-261x360.jpg 261w, https:\/\/draccounting.lt\/wp-content\/uploads\/2022\/08\/DSC_3718-1200x1657.jpg 1200w, https:\/\/draccounting.lt\/wp-content\/uploads\/2022\/08\/DSC_3718-360x497.jpg 360w, https:\/\/draccounting.lt\/wp-content\/uploads\/2022\/08\/DSC_3718-36x50.jpg 36w, https:\/\/draccounting.lt\/wp-content\/uploads\/2022\/08\/DSC_3718-72x100.jpg 72w\" sizes=\"auto, (max-width: 1854px) 100vw, 1854px\" \/><\/div>\n\t\t<\/figure>\n\t<\/div>\n<\/div><\/div><\/div><div class=\"wpb_column vc_column_container vc_col-sm-6\"><div class=\"vc_column-inner\"><div class=\"wpb_wrapper\"><h2 class='heading-content  style-1' ><span>ABOUT US<\/span><\/h2><div class=\"vc_empty_space\"   style=\"height: 32px\"><span class=\"vc_empty_space_inner\"><\/span><\/div>\n\t<div class=\"wpb_text_column wpb_content_element\" >\n\t\t<div class=\"wpb_wrapper\">\n\t\t\t<p style=\"text-align: justify;\">It all started with a strong liking for mathematics. When I was still in school, I was happy to immerse myself in numbers and I did well in their world. I realized that the further professional path should be related to them and I began to consider the specialty of accounting. Now I know that it was the right choice. <a href=\"http:\/\/draccounting.lt\/en\/paslaugos\/buhalterine-apskaita\/\">Accounting<\/a> is what I can do best<\/p>\n<p style=\"text-align: justify;\">In the long run, accounting became not only my job, but almost a hobby, because I was very interested in it and had the goal of finding the most acceptable and useful solutions for various businesses. I have always raised the bar for myself to be an accountant who knows her work particularly well, and can advise or offer solutions in various situations. I believe that an accountant becomes one of the company's most important choices when forming a team or seeking external cooperation.<\/p>\n<h4 style=\"text-align: justify;\">Accounting is a dynamic field<\/h4>\n<p style=\"text-align: justify;\">Accounting is a dynamic field in which it is necessary to constantly live, be interested in it and keep pace with changes. We founded \"D&amp;R accounting\" in order to offer our clients quality and professional services that are good to represent. During consistent and many years of work, we have made sure that orderly and reliable accounting is a companion of a successful business. Accurate accounting, knowledge of business-friendly and important laws, prudence and experience lead to a sustainable and growing business. The accountant becomes responsible for the proper application of laws and their knowledge, therefore she carries considerable responsibility.<\/p>\n<p style=\"text-align: justify;\">We have been working in the field of accounting since 2016. We deepened our experience not only in different areas of accounting, but also by working with <a href=\"http:\/\/draccounting.lt\/en\/paslaugos\/elektronines-prekybos-apskaita\/\">any business<\/a>. The practical experience allows us to offer smart, money- and time-saving solutions for your business, which is especially appreciated by our customers.<\/p>\n<p style=\"text-align: justify;\">\"D&amp;R Accounting\" are members of the Lithuanian Accountants and Audit Association (LBAA). Currently, one of the founders of the company, Dovil\u0117, is seeking the title of Professional Accountant in this association, which LBAA gives only to accountants with relevant experience and who have passed 3 exams. It is important to note that only about 141 people in Lithuania currently hold the title of Professional Accountant.<\/p>\n<p style=\"text-align: justify;\">You probably already understood that our values \u200b\u200bare knowledge and quality. This ensures superior results, which leads to total customer trust in us. Our goal is to provide professional accounting that is beneficial to our client and follows current laws and their changes.<\/p>\n<p style=\"text-align: left;\">D&amp;R Accounting carries out:<\/p>\n<ul style=\"text-align: left;\">\n<li>accounting,<\/li>\n<li>personnel accounting,<\/li>\n<li>commerce accounting,<\/li>\n<li>consulting on accounting issues.<\/li>\n<\/ul>\n<p style=\"text-align: justify;\">It is extremely important that the accountant has deep knowledge of accounting, so we are glad that our many years of experience allow us to offer this to you. Diligence and responsibility become inseparable companions of our business, which create long-term mutual trust.<\/p>\n<p style=\"text-align: left;\">Let's create the financial success of your business together!<\/p>\n<p><img loading=\"lazy\" decoding=\"async\" class=\"alignnone size-medium wp-image-2515\" src=\"http:\/\/draccounting.lt\/wp-content\/uploads\/2021\/12\/image-300x79.png\" alt=\"\" width=\"300\" height=\"79\" srcset=\"https:\/\/draccounting.lt\/wp-content\/uploads\/2021\/12\/image-300x79.png 300w, https:\/\/draccounting.lt\/wp-content\/uploads\/2021\/12\/image-768x202.png 768w, https:\/\/draccounting.lt\/wp-content\/uploads\/2021\/12\/image-370x97.png 370w, https:\/\/draccounting.lt\/wp-content\/uploads\/2021\/12\/image-360x95.png 360w, https:\/\/draccounting.lt\/wp-content\/uploads\/2021\/12\/image.png 999w\" sizes=\"auto, (max-width: 300px) 100vw, 300px\" \/><\/p>\n\n\t\t<\/div>\n\t<\/div>\n<\/div><\/div><\/div><\/div>","protected":false},"excerpt":{"rendered":"APIE MUS Viskas prasid\u0117jo, nuo dideli\u0173 simpatij\u0173 matematikai. Dar b\u016bdama mokykloje mielai pasinerdavau \u012f skai\u010dius ir j\u0173 pasaulyje man puikiai sek\u0117si. Supratau, kad tolimesnis profesinis kelias tur\u0117t\u0173 b\u016bti susij\u0119s su jais ir \u0117miau svarstyti buhalterin\u0117s apskaitos specialyb\u0119. Dabar jau \u017einau,...","protected":false},"author":1,"featured_media":0,"parent":0,"menu_order":0,"comment_status":"closed","ping_status":"closed","template":"","meta":{"inline_featured_image":false,"footnotes":""},"class_list":["post-20","page","type-page","status-publish","hentry"],"yoast_head":"<!-- This site is optimized with the Yoast SEO plugin v27.3 - https:\/\/yoast.com\/product\/yoast-seo-wordpress\/ -->\n<title>Profesionali buhalter\u0117 tai tvarkinga apskaita - Draccounting.lt<\/title>\n<meta name=\"description\" content=\"Profesionali buhalter\u0117 ir jos komanda. Tai s\u0117kmingam verslui ypa\u010d reikalinga. M\u016bs\u0173 tikslas \u2013 profesionaliai pasir\u016bpinti J\u016bs\u0173 \u012fmon\u0117s apskaita.\" \/>\n<meta name=\"robots\" content=\"index, follow, max-snippet:-1, max-image-preview:large, max-video-preview:-1\" \/>\n<link rel=\"canonical\" href=\"https:\/\/draccounting.lt\/en\/apie-mus\/\" \/>\n<meta property=\"og:locale\" content=\"en_US\" \/>\n<meta property=\"og:type\" content=\"article\" \/>\n<meta property=\"og:title\" content=\"Profesionali buhalter\u0117 tai tvarkinga apskaita - Draccounting.lt\" \/>\n<meta property=\"og:description\" content=\"Profesionali buhalter\u0117 ir jos komanda. Tai s\u0117kmingam verslui ypa\u010d reikalinga. M\u016bs\u0173 tikslas \u2013 profesionaliai pasir\u016bpinti J\u016bs\u0173 \u012fmon\u0117s apskaita.\" \/>\n<meta property=\"og:url\" content=\"https:\/\/draccounting.lt\/en\/apie-mus\/\" \/>\n<meta property=\"og:site_name\" content=\"D&amp;R Accounting\" \/>\n<meta property=\"article:publisher\" content=\"https:\/\/www.facebook.com\/Buhalterinespaslaugosjusuverslui\/\" \/>\n<meta property=\"article:modified_time\" content=\"2022-11-28T15:12:54+00:00\" \/>\n<meta property=\"og:image\" content=\"http:\/\/draccounting.lt\/wp-content\/uploads\/2021\/12\/image-300x79.png\" \/>\n<meta name=\"twitter:card\" content=\"summary_large_image\" \/>\n<meta name=\"twitter:label1\" content=\"Est. reading time\" \/>\n\t<meta name=\"twitter:data1\" content=\"3 minutes\" \/>\n<script type=\"application\/ld+json\" class=\"yoast-schema-graph\">{\"@context\":\"https:\\\/\\\/schema.org\",\"@graph\":[{\"@type\":\"WebPage\",\"@id\":\"https:\\\/\\\/draccounting.lt\\\/apie-mus\\\/\",\"url\":\"https:\\\/\\\/draccounting.lt\\\/apie-mus\\\/\",\"name\":\"Profesionali buhalter\u0117 tai tvarkinga apskaita - Draccounting.lt\",\"isPartOf\":{\"@id\":\"https:\\\/\\\/draccounting.lt\\\/#website\"},\"primaryImageOfPage\":{\"@id\":\"https:\\\/\\\/draccounting.lt\\\/apie-mus\\\/#primaryimage\"},\"image\":{\"@id\":\"https:\\\/\\\/draccounting.lt\\\/apie-mus\\\/#primaryimage\"},\"thumbnailUrl\":\"http:\\\/\\\/draccounting.lt\\\/wp-content\\\/uploads\\\/2021\\\/12\\\/image-300x79.png\",\"datePublished\":\"2014-11-11T11:14:05+00:00\",\"dateModified\":\"2022-11-28T15:12:54+00:00\",\"description\":\"Profesionali buhalter\u0117 ir jos komanda. Tai s\u0117kmingam verslui ypa\u010d reikalinga. M\u016bs\u0173 tikslas \u2013 profesionaliai pasir\u016bpinti J\u016bs\u0173 \u012fmon\u0117s apskaita.\",\"breadcrumb\":{\"@id\":\"https:\\\/\\\/draccounting.lt\\\/apie-mus\\\/#breadcrumb\"},\"inLanguage\":\"en-US\",\"potentialAction\":[{\"@type\":\"ReadAction\",\"target\":[\"https:\\\/\\\/draccounting.lt\\\/apie-mus\\\/\"]}]},{\"@type\":\"ImageObject\",\"inLanguage\":\"en-US\",\"@id\":\"https:\\\/\\\/draccounting.lt\\\/apie-mus\\\/#primaryimage\",\"url\":\"http:\\\/\\\/draccounting.lt\\\/wp-content\\\/uploads\\\/2021\\\/12\\\/image-300x79.png\",\"contentUrl\":\"http:\\\/\\\/draccounting.lt\\\/wp-content\\\/uploads\\\/2021\\\/12\\\/image-300x79.png\"},{\"@type\":\"BreadcrumbList\",\"@id\":\"https:\\\/\\\/draccounting.lt\\\/apie-mus\\\/#breadcrumb\",\"itemListElement\":[{\"@type\":\"ListItem\",\"position\":1,\"name\":\"Pagrindinis\",\"item\":\"https:\\\/\\\/draccounting.lt\\\/\"},{\"@type\":\"ListItem\",\"position\":2,\"name\":\"Apie mus\"}]},{\"@type\":\"WebSite\",\"@id\":\"https:\\\/\\\/draccounting.lt\\\/#website\",\"url\":\"https:\\\/\\\/draccounting.lt\\\/\",\"name\":\"D&amp;R Accounting\",\"description\":\"Buhalterin\u0117s apskaitos paslaugos visoje Lietuvoje\",\"publisher\":{\"@id\":\"https:\\\/\\\/draccounting.lt\\\/#organization\"},\"potentialAction\":[{\"@type\":\"SearchAction\",\"target\":{\"@type\":\"EntryPoint\",\"urlTemplate\":\"https:\\\/\\\/draccounting.lt\\\/?s={search_term_string}\"},\"query-input\":{\"@type\":\"PropertyValueSpecification\",\"valueRequired\":true,\"valueName\":\"search_term_string\"}}],\"inLanguage\":\"en-US\"},{\"@type\":\"Organization\",\"@id\":\"https:\\\/\\\/draccounting.lt\\\/#organization\",\"name\":\"D&R Accounting\",\"url\":\"https:\\\/\\\/draccounting.lt\\\/\",\"logo\":{\"@type\":\"ImageObject\",\"inLanguage\":\"en-US\",\"@id\":\"https:\\\/\\\/draccounting.lt\\\/#\\\/schema\\\/logo\\\/image\\\/\",\"url\":\"http:\\\/\\\/draccounting.lt\\\/wp-content\\\/uploads\\\/2021\\\/11\\\/draccounting-logo-main.png\",\"contentUrl\":\"http:\\\/\\\/draccounting.lt\\\/wp-content\\\/uploads\\\/2021\\\/11\\\/draccounting-logo-main.png\",\"width\":1000,\"height\":794,\"caption\":\"D&R Accounting\"},\"image\":{\"@id\":\"https:\\\/\\\/draccounting.lt\\\/#\\\/schema\\\/logo\\\/image\\\/\"},\"sameAs\":[\"https:\\\/\\\/www.facebook.com\\\/Buhalterinespaslaugosjusuverslui\\\/\"]}]}<\/script>\n<!-- \/ Yoast SEO plugin. -->","yoast_head_json":{"title":"A professional accountant means neat accounting - Draccounting.lt","description":"Professional accountant and her team. This is especially necessary for a successful business. Our goal is to professionally take care of your company's accounting.","robots":{"index":"index","follow":"follow","max-snippet":"max-snippet:-1","max-image-preview":"max-image-preview:large","max-video-preview":"max-video-preview:-1"},"canonical":"https:\/\/draccounting.lt\/en\/apie-mus\/","og_locale":"en_US","og_type":"article","og_title":"Profesionali buhalter\u0117 tai tvarkinga apskaita - Draccounting.lt","og_description":"Profesionali buhalter\u0117 ir jos komanda. Tai s\u0117kmingam verslui ypa\u010d reikalinga. M\u016bs\u0173 tikslas \u2013 profesionaliai pasir\u016bpinti J\u016bs\u0173 \u012fmon\u0117s apskaita.","og_url":"https:\/\/draccounting.lt\/en\/apie-mus\/","og_site_name":"D&amp;R Accounting","article_publisher":"https:\/\/www.facebook.com\/Buhalterinespaslaugosjusuverslui\/","article_modified_time":"2022-11-28T15:12:54+00:00","og_image":[{"url":"http:\/\/draccounting.lt\/wp-content\/uploads\/2021\/12\/image-300x79.png","type":"","width":"","height":""}],"twitter_card":"summary_large_image","twitter_misc":{"Est. reading time":"3 minutes"},"schema":{"@context":"https:\/\/schema.org","@graph":[{"@type":"WebPage","@id":"https:\/\/draccounting.lt\/apie-mus\/","url":"https:\/\/draccounting.lt\/apie-mus\/","name":"A professional accountant means neat accounting - Draccounting.lt","isPartOf":{"@id":"https:\/\/draccounting.lt\/#website"},"primaryImageOfPage":{"@id":"https:\/\/draccounting.lt\/apie-mus\/#primaryimage"},"image":{"@id":"https:\/\/draccounting.lt\/apie-mus\/#primaryimage"},"thumbnailUrl":"http:\/\/draccounting.lt\/wp-content\/uploads\/2021\/12\/image-300x79.png","datePublished":"2014-11-11T11:14:05+00:00","dateModified":"2022-11-28T15:12:54+00:00","description":"Professional accountant and her team. This is especially necessary for a successful business. Our goal is to professionally take care of your company's accounting.","breadcrumb":{"@id":"https:\/\/draccounting.lt\/apie-mus\/#breadcrumb"},"inLanguage":"en-US","potentialAction":[{"@type":"ReadAction","target":["https:\/\/draccounting.lt\/apie-mus\/"]}]},{"@type":"ImageObject","inLanguage":"en-US","@id":"https:\/\/draccounting.lt\/apie-mus\/#primaryimage","url":"http:\/\/draccounting.lt\/wp-content\/uploads\/2021\/12\/image-300x79.png","contentUrl":"http:\/\/draccounting.lt\/wp-content\/uploads\/2021\/12\/image-300x79.png"},{"@type":"BreadcrumbList","@id":"https:\/\/draccounting.lt\/apie-mus\/#breadcrumb","itemListElement":[{"@type":"ListItem","position":1,"name":"Pagrindinis","item":"https:\/\/draccounting.lt\/"},{"@type":"ListItem","position":2,"name":"Apie mus"}]},{"@type":"WebSite","@id":"https:\/\/draccounting.lt\/#website","url":"https:\/\/draccounting.lt\/","name":"D&amp;R Accounting","description":"Buhalterin\u0117s apskaitos paslaugos visoje Lietuvoje","publisher":{"@id":"https:\/\/draccounting.lt\/#organization"},"potentialAction":[{"@type":"SearchAction","target":{"@type":"EntryPoint","urlTemplate":"https:\/\/draccounting.lt\/?s={search_term_string}"},"query-input":{"@type":"PropertyValueSpecification","valueRequired":true,"valueName":"search_term_string"}}],"inLanguage":"en-US"},{"@type":"Organization","@id":"https:\/\/draccounting.lt\/#organization","name":"D&amp;R Accounting","url":"https:\/\/draccounting.lt\/","logo":{"@type":"ImageObject","inLanguage":"en-US","@id":"https:\/\/draccounting.lt\/#\/schema\/logo\/image\/","url":"http:\/\/draccounting.lt\/wp-content\/uploads\/2021\/11\/draccounting-logo-main.png","contentUrl":"http:\/\/draccounting.lt\/wp-content\/uploads\/2021\/11\/draccounting-logo-main.png","width":1000,"height":794,"caption":"D&R Accounting"},"image":{"@id":"https:\/\/draccounting.lt\/#\/schema\/logo\/image\/"},"sameAs":["https:\/\/www.facebook.com\/Buhalterinespaslaugosjusuverslui\/"]}]}},"_links":{"self":[{"href":"https:\/\/draccounting.lt\/en\/wp-json\/wp\/v2\/pages\/20","targetHints":{"allow":["GET"]}}],"collection":[{"href":"https:\/\/draccounting.lt\/en\/wp-json\/wp\/v2\/pages"}],"about":[{"href":"https:\/\/draccounting.lt\/en\/wp-json\/wp\/v2\/types\/page"}],"author":[{"embeddable":true,"href":"https:\/\/draccounting.lt\/en\/wp-json\/wp\/v2\/users\/1"}],"replies":[{"embeddable":true,"href":"https:\/\/draccounting.lt\/en\/wp-json\/wp\/v2\/comments?post=20"}],"version-history":[{"count":19,"href":"https:\/\/draccounting.lt\/en\/wp-json\/wp\/v2\/pages\/20\/revisions"}],"predecessor-version":[{"id":2877,"href":"https:\/\/draccounting.lt\/en\/wp-json\/wp\/v2\/pages\/20\/revisions\/2877"}],"wp:attachment":[{"href":"https:\/\/draccounting.lt\/en\/wp-json\/wp\/v2\/media?parent=20"}],"curies":[{"name":"wp","href":"https:\/\/api.w.org\/{rel}","templated":true}]}}